{"id":17971,"date":"2019-06-07T11:37:20","date_gmt":"2019-06-07T09:37:20","guid":{"rendered":"https:\/\/guaitasrl.it\/prodotto\/computer-bravo-180-5-vie-per-diserbo-con-cavo-6-m\/"},"modified":"2026-05-06T16:37:12","modified_gmt":"2026-05-06T14:37:12","slug":"bravo-180-5-wege-unkrautkontrollcomputer-mit-6-m-kabel","status":"publish","type":"product","link":"https:\/\/guaitasrl.it\/de\/shop\/irrorazione-e-diserbo\/computer-e-navigatori-arag\/computer-bravo-180-5-vie-per-diserbo-con-cavo-6-m\/","title":{"rendered":"BRAVO 180 Computer, 5-Wege-Unkrautregulierung mit 6 m Kabel"},"content":{"rendered":"","protected":false},"excerpt":{"rendered":"<div class=\"title first-title\">ALLGEMEINE MERKMALE<\/div>\n<ul class=\"features-list\">\n<li>Spezielle Anwendungssoftware: Unkrautbek\u00e4mpfung, Spritzen und Multidraht<\/li>\n<li>Tankf\u00fcllstandsanzeige (optionaler F\u00fcllstandssensor)<\/li>\n<li>Automatische Kalibrierung des Tankprofils \u00fcber den Leitungsdurchflussmesser, mit der M\u00f6glichkeit, die Parameter \u00fcber USB zu exportieren<\/li>\n<li>Automatische Regelung durch Durchfluss- oder Druckerkennung (\u00fcber Durchflussmesser oder Drucksensor)<\/li>\n<li>Automatische Abschaltung bei Unterschreitung des eingestellten Mindestdrucks, so dass die D\u00fcsen immer innerhalb ihres Arbeitsbereichs arbeiten.<\/li>\n<li>Automatisches Schlie\u00dfen des Hauptventils bei Unterschreitung der vom Benutzer eingestellten Mindestarbeitsgeschwindigkeit.<\/li>\n<li>M\u00f6glichkeit der Speicherung von 10 Arbeitskonfigurationen (Dosierung, D\u00fcsen, usw.), die bei Bedarf abgerufen werden k\u00f6nnen<\/li>\n<li>Optische und akustische Alarme<\/li>\n<li>Kurzzeitige Erh\u00f6hung und Verringerung der Fl\u00fcssigkeitsmenge, die verteilt wird<\/li>\n<li>Mehrsprachige Software mit der M\u00f6glichkeit, verschiedene Ma\u00dfeinheiten einzustellen (l\/ha, GPA, GPK, l\/100m, usw.)<\/li>\n<li>Anzeigbare Daten: Dosierung, Geschwindigkeit, Druck, Durchflussmenge, verteilte Menge, Tankf\u00fcllstand, behandelte Fl\u00e4che, Behandlungsdauer, zur\u00fcckgelegte Strecke<\/li>\n<\/ul>\n<ul class=\"features-list\">\n<li>Integrierte F\u00fcllstandsanzeige<\/li>\n<li>Anschl\u00fcsse f\u00fcr GPS und allgemeine Fernsteuerung<\/li>\n<li>USB-Anschluss f\u00fcr Daten\u00fcbertragung und Software-Update<\/li>\n<li>Automatisches allgemeines Schlie\u00dfen des Ventils bei Anschluss an Bravo400S\/Delta80<\/li>\n<li>Automatische Abschaltung bei Unterschreitung des eingestellten Mindestdrucks, so dass die D\u00fcsen immer innerhalb ihres Arbeitsbereichs arbeiten.<\/li>\n<li>Optische und akustische Alarme<\/li>\n<li>Mehrsprachige Software mit der M\u00f6glichkeit, verschiedene Ma\u00dfeinheiten einzustellen (l\/ha, GPA, GPK, l\/100m, etc.).<\/li>\n<li>Anzeigbare Daten: Dosierung, Geschwindigkeit, Druck, Durchflussmenge, verteilte Menge, Tankf\u00fcllstand, behandelte Fl\u00e4che, Behandlungsdauer, zur\u00fcckgelegte Strecke<\/li>\n<\/ul>","protected":false},"featured_media":17968,"template":"","meta":{"_acf_changed":false,"_relevanssi_hide_post":"","_relevanssi_hide_content":"","_relevanssi_pin_for_all":"","_relevanssi_pin_keywords":"","_relevanssi_unpin_keywords":"","_relevanssi_related_keywords":"","_relevanssi_related_include_ids":"","_relevanssi_related_exclude_ids":"","_relevanssi_related_no_append":"","_relevanssi_related_not_related":"","_relevanssi_related_posts":"","_relevanssi_noindex_reason":""},"product_brand":[],"product_cat":[79],"product_tag":[],"class_list":{"0":"post-17971","1":"product","2":"type-product","3":"status-publish","4":"has-post-thumbnail","6":"product_cat-computer-e-navigatori-arag","7":"pa_vie-5vie","8":"pa_vie-7vie","9":"sales-flash-overlay","10":"woocommerce-text-align-center","11":"woocommerce-image-align-center","12":"do-quantity-buttons","13":"wc-has-gallery","15":"first","16":"instock","17":"taxable","18":"shipping-taxable","19":"product-type-variable","20":"has-default-attributes"},"acf":[],"_links":{"self":[{"href":"https:\/\/guaitasrl.it\/de\/wp-json\/wp\/v2\/product\/17971","targetHints":{"allow":["GET"]}}],"collection":[{"href":"https:\/\/guaitasrl.it\/de\/wp-json\/wp\/v2\/product"}],"about":[{"href":"https:\/\/guaitasrl.it\/de\/wp-json\/wp\/v2\/types\/product"}],"wp:featuredmedia":[{"embeddable":true,"href":"https:\/\/guaitasrl.it\/de\/wp-json\/wp\/v2\/media\/17968"}],"wp:attachment":[{"href":"https:\/\/guaitasrl.it\/de\/wp-json\/wp\/v2\/media?parent=17971"}],"wp:term":[{"taxonomy":"product_brand","embeddable":true,"href":"https:\/\/guaitasrl.it\/de\/wp-json\/wp\/v2\/product_brand?post=17971"},{"taxonomy":"product_cat","embeddable":true,"href":"https:\/\/guaitasrl.it\/de\/wp-json\/wp\/v2\/product_cat?post=17971"},{"taxonomy":"product_tag","embeddable":true,"href":"https:\/\/guaitasrl.it\/de\/wp-json\/wp\/v2\/product_tag?post=17971"}],"curies":[{"name":"wp","href":"https:\/\/api.w.org\/{rel}","templated":true}]}}