{"id":20874,"date":"2019-06-10T12:28:27","date_gmt":"2019-06-10T10:28:27","guid":{"rendered":"https:\/\/guaitasrl.it\/prodotto\/molla-antiapertura-per-camlock\/"},"modified":"2026-05-06T16:35:07","modified_gmt":"2026-05-06T14:35:07","slug":"offnungsschutzfeder-fur-camlock","status":"publish","type":"product","link":"https:\/\/guaitasrl.it\/de\/shop\/irrorazione-e-diserbo\/adattatori-accoppiatori-e-tappi-camlock-a-forchetta-arag\/molla-antiapertura-per-camlock\/","title":{"rendered":"Anti-\u00d6ffnungsfeder f\u00fcr 'Camlock"},"content":{"rendered":"","protected":false},"excerpt":{"rendered":"<h3><strong>IST DAS PRODUKT NICHT VERF\u00dcGBAR?<\/strong><\/h3>\n<h3><strong>ES KOMMT DEFINITIV!<\/strong><\/h3>\n<h3><strong>FRAGEN SIE UNSERE MITARBEITER NACH DEM LIEFERTERMIN!<\/strong><\/h3>","protected":false},"featured_media":20871,"template":"","meta":{"_acf_changed":false,"_relevanssi_hide_post":"","_relevanssi_hide_content":"","_relevanssi_pin_for_all":"","_relevanssi_pin_keywords":"","_relevanssi_unpin_keywords":"","_relevanssi_related_keywords":"","_relevanssi_related_include_ids":"","_relevanssi_related_exclude_ids":"","_relevanssi_related_no_append":"","_relevanssi_related_not_related":"","_relevanssi_related_posts":"","_relevanssi_noindex_reason":""},"product_brand":[],"product_cat":[268],"product_tag":[],"class_list":{"0":"post-20874","1":"product","2":"type-product","3":"status-publish","4":"has-post-thumbnail","6":"product_cat-adattatori-accoppiatori-e-tappi-camlock-a-forchetta-arag","7":"pa_corpo-7744","8":"pa_corpo-7748","9":"pa_corpo-7749","10":"pa_corpo-7747","11":"pa_corpo-7746","12":"pa_corpo-7743","13":"sales-flash-overlay","14":"woocommerce-text-align-center","15":"woocommerce-image-align-center","16":"do-quantity-buttons","18":"first","19":"instock","20":"taxable","21":"shipping-taxable","22":"product-type-variable","23":"has-default-attributes"},"acf":[],"_links":{"self":[{"href":"https:\/\/guaitasrl.it\/de\/wp-json\/wp\/v2\/product\/20874","targetHints":{"allow":["GET"]}}],"collection":[{"href":"https:\/\/guaitasrl.it\/de\/wp-json\/wp\/v2\/product"}],"about":[{"href":"https:\/\/guaitasrl.it\/de\/wp-json\/wp\/v2\/types\/product"}],"wp:featuredmedia":[{"embeddable":true,"href":"https:\/\/guaitasrl.it\/de\/wp-json\/wp\/v2\/media\/20871"}],"wp:attachment":[{"href":"https:\/\/guaitasrl.it\/de\/wp-json\/wp\/v2\/media?parent=20874"}],"wp:term":[{"taxonomy":"product_brand","embeddable":true,"href":"https:\/\/guaitasrl.it\/de\/wp-json\/wp\/v2\/product_brand?post=20874"},{"taxonomy":"product_cat","embeddable":true,"href":"https:\/\/guaitasrl.it\/de\/wp-json\/wp\/v2\/product_cat?post=20874"},{"taxonomy":"product_tag","embeddable":true,"href":"https:\/\/guaitasrl.it\/de\/wp-json\/wp\/v2\/product_tag?post=20874"}],"curies":[{"name":"wp","href":"https:\/\/api.w.org\/{rel}","templated":true}]}}