{"id":23883,"date":"2019-06-18T16:20:11","date_gmt":"2019-06-18T14:20:11","guid":{"rendered":"https:\/\/guaitasrl.it\/prodotto\/tubo-pvc-per-aspirazione-aria\/"},"modified":"2026-01-24T20:09:04","modified_gmt":"2026-01-24T19:09:04","slug":"pvc-luftansaugschlauch","status":"publish","type":"product","link":"https:\/\/guaitasrl.it\/de\/shop\/irrorazione-e-diserbo\/tubo-pvc\/tubo-pvc-per-aspirazione-aria\/","title":{"rendered":"PVC-Luftansaugschlauch"},"content":{"rendered":"","protected":false},"excerpt":{"rendered":"<p>Pvc-Schlauch f\u00fcr Luftabsaugung, D\u00e4mpfe, Staub, Bel\u00fcftung<\/p>\n<p><strong>Die Preise verstehen sich pro Laufmeter<\/strong><\/p>","protected":false},"featured_media":34283,"template":"","meta":{"_acf_changed":false,"_relevanssi_hide_post":"","_relevanssi_hide_content":"","_relevanssi_pin_for_all":"","_relevanssi_pin_keywords":"","_relevanssi_unpin_keywords":"","_relevanssi_related_keywords":"","_relevanssi_related_include_ids":"","_relevanssi_related_exclude_ids":"","_relevanssi_related_no_append":"","_relevanssi_related_not_related":"","_relevanssi_related_posts":"","_relevanssi_noindex_reason":""},"product_brand":[],"product_cat":[541],"product_tag":[],"class_list":{"0":"post-23883","1":"product","2":"type-product","3":"status-publish","4":"has-post-thumbnail","6":"product_cat-tubo-pvc","7":"pa_d-d50","8":"pa_d-d60","9":"pa_d-d100","10":"pa_d-d120","11":"pa_d-d150","12":"pa_d-d80","13":"pa_mt-30mt","14":"sales-flash-overlay","15":"woocommerce-text-align-center","16":"woocommerce-image-align-center","17":"do-quantity-buttons","19":"first","20":"outofstock","21":"taxable","22":"shipping-taxable","23":"product-type-variable","24":"has-default-attributes"},"acf":[],"_links":{"self":[{"href":"https:\/\/guaitasrl.it\/de\/wp-json\/wp\/v2\/product\/23883","targetHints":{"allow":["GET"]}}],"collection":[{"href":"https:\/\/guaitasrl.it\/de\/wp-json\/wp\/v2\/product"}],"about":[{"href":"https:\/\/guaitasrl.it\/de\/wp-json\/wp\/v2\/types\/product"}],"wp:featuredmedia":[{"embeddable":true,"href":"https:\/\/guaitasrl.it\/de\/wp-json\/wp\/v2\/media\/34283"}],"wp:attachment":[{"href":"https:\/\/guaitasrl.it\/de\/wp-json\/wp\/v2\/media?parent=23883"}],"wp:term":[{"taxonomy":"product_brand","embeddable":true,"href":"https:\/\/guaitasrl.it\/de\/wp-json\/wp\/v2\/product_brand?post=23883"},{"taxonomy":"product_cat","embeddable":true,"href":"https:\/\/guaitasrl.it\/de\/wp-json\/wp\/v2\/product_cat?post=23883"},{"taxonomy":"product_tag","embeddable":true,"href":"https:\/\/guaitasrl.it\/de\/wp-json\/wp\/v2\/product_tag?post=23883"}],"curies":[{"name":"wp","href":"https:\/\/api.w.org\/{rel}","templated":true}]}}