{"id":2680,"date":"2024-01-22T16:42:36","date_gmt":"2024-01-22T15:42:36","guid":{"rendered":"https:\/\/guaitasrl.it\/?post_type=product&#038;p=2680"},"modified":"2026-05-06T16:55:17","modified_gmt":"2026-05-06T14:55:17","slug":"schwarze-untere-kniescheibe","status":"publish","type":"product","link":"https:\/\/guaitasrl.it\/de\/shop\/accessori-trattori\/rotule-superiori-e-inferiori\/rotula-inferiore-nero\/","title":{"rendered":"Untere Hochleistungs-Laufrolle mit SCHWARZER ZINK-BESCHICHTUNG"},"content":{"rendered":"","protected":false},"excerpt":{"rendered":"<p><b>BLACK ROTULA:<\/b> Schwarz verzinkte Laufrollen aus 16MnCrB5-Borstahl mit Korrosionsschutz. Borstahl ist<span class=\"s1\" style=\"line-height: normal;font-family: 'Lucida Grande'\">\u2000<\/span>sehr verformbar und \"unzerst\u00f6rbar\", im Extremfall kann es<span class=\"s1\" style=\"line-height: normal;font-family: 'Lucida Grande'\">\u2000<\/span>ovalisierend, kann aber niemals brechen oder rei\u00dfen. Rotula geeignet f\u00fcr hohe Beanspruchung und lange Lebensdauer (hohe Leistung), sehr best\u00e4ndig gegen Chemikalien, Wetter und Maschinenvibrationen. Best\u00e4ndigkeit gegen Salzspr\u00fchnebel, korrosionsbest\u00e4ndig, 768h. Gegen Reibung der Kniescheibe mit dem Stift.<\/p>\n<p><strong>DAS PRODUKT IST NICHT VERF\u00dcGBAR? ES IST SICHER AUF DEM WEG ! FRAGEN SIE UNSERE MITARBEITER NACH DEM LIEFERTERMIN!<\/strong><\/p>","protected":false},"featured_media":2677,"template":"","meta":{"_acf_changed":false,"_relevanssi_hide_post":"","_relevanssi_hide_content":"","_relevanssi_pin_for_all":"","_relevanssi_pin_keywords":"","_relevanssi_unpin_keywords":"","_relevanssi_related_keywords":"","_relevanssi_related_include_ids":"","_relevanssi_related_exclude_ids":"","_relevanssi_related_no_append":"","_relevanssi_related_not_related":"","_relevanssi_related_posts":"","_relevanssi_noindex_reason":""},"product_brand":[],"product_cat":[184],"product_tag":[],"class_list":{"0":"post-2680","1":"product","2":"type-product","3":"status-publish","4":"has-post-thumbnail","6":"product_cat-rotule-superiori-e-inferiori","7":"pa_categoria-6829","8":"pa_categoria-6841","9":"pa_categoria-6846","10":"pa_desterno-6740","11":"pa_desterno-6739","12":"pa_dinterno-10295","13":"pa_dinterno-10294","14":"pa_pzconf-27988","15":"sales-flash-overlay","16":"woocommerce-text-align-center","17":"woocommerce-image-align-center","18":"do-quantity-buttons","20":"first","21":"instock","22":"taxable","23":"shipping-taxable","24":"product-type-variable","25":"has-default-attributes"},"acf":[],"_links":{"self":[{"href":"https:\/\/guaitasrl.it\/de\/wp-json\/wp\/v2\/product\/2680","targetHints":{"allow":["GET"]}}],"collection":[{"href":"https:\/\/guaitasrl.it\/de\/wp-json\/wp\/v2\/product"}],"about":[{"href":"https:\/\/guaitasrl.it\/de\/wp-json\/wp\/v2\/types\/product"}],"wp:featuredmedia":[{"embeddable":true,"href":"https:\/\/guaitasrl.it\/de\/wp-json\/wp\/v2\/media\/2677"}],"wp:attachment":[{"href":"https:\/\/guaitasrl.it\/de\/wp-json\/wp\/v2\/media?parent=2680"}],"wp:term":[{"taxonomy":"product_brand","embeddable":true,"href":"https:\/\/guaitasrl.it\/de\/wp-json\/wp\/v2\/product_brand?post=2680"},{"taxonomy":"product_cat","embeddable":true,"href":"https:\/\/guaitasrl.it\/de\/wp-json\/wp\/v2\/product_cat?post=2680"},{"taxonomy":"product_tag","embeddable":true,"href":"https:\/\/guaitasrl.it\/de\/wp-json\/wp\/v2\/product_tag?post=2680"}],"curies":[{"name":"wp","href":"https:\/\/api.w.org\/{rel}","templated":true}]}}