{"id":26822,"date":"2019-07-23T19:18:12","date_gmt":"2019-07-23T17:18:12","guid":{"rendered":"https:\/\/guaitasrl.it\/prodotto\/componenti-per-seminatrici-meccaniche-2\/"},"modified":"2026-05-06T16:49:11","modified_gmt":"2026-05-06T14:49:11","slug":"komponenten-fur-mechanische-samaschinen-2","status":"publish","type":"product","link":"https:\/\/guaitasrl.it\/de\/shop\/lavorazione-suolo-e-raccolta\/componenti-per-seminatrici-meccaniche\/componenti-per-seminatrici-meccaniche-2\/","title":{"rendered":"Komponenten f\u00fcr mechanische S\u00e4maschinen"},"content":{"rendered":"","protected":false},"excerpt":{"rendered":"<h4><strong>DAS PRODUKT IST NICHT VERF\u00dcGBAR? ES IST SICHER AUF DEM WEG! FRAGEN SIE UNSERE MITARBEITER NACH DEM LIEFERTERMIN!<\/strong><\/h4>","protected":false},"featured_media":26819,"template":"","meta":{"_acf_changed":false,"_relevanssi_hide_post":"","_relevanssi_hide_content":"","_relevanssi_pin_for_all":"","_relevanssi_pin_keywords":"","_relevanssi_unpin_keywords":"","_relevanssi_related_keywords":"","_relevanssi_related_include_ids":"","_relevanssi_related_exclude_ids":"","_relevanssi_related_no_append":"","_relevanssi_related_not_related":"","_relevanssi_related_posts":"","_relevanssi_noindex_reason":""},"product_brand":[],"product_cat":[271],"product_tag":[],"class_list":{"0":"post-26822","1":"product","2":"type-product","3":"status-publish","4":"has-post-thumbnail","6":"product_cat-componenti-per-seminatrici-meccaniche","7":"pa_descrizione-antiintasamento2","8":"pa_descrizione-bocchetta","9":"pa_descrizione-chiusura","10":"pa_descrizione-cunetta","11":"pa_descrizione-deviatoresemi","12":"pa_descrizione-imbutopertuboconducisemi","13":"pa_descrizione-mollaaspirale","14":"pa_descrizione-mollasagomata","15":"pa_descrizione-registro","16":"pa_descrizione-rondella","17":"pa_descrizione-rullinodoppiaversione","18":"pa_descrizione-rullinoduecorone","19":"pa_descrizione-rullinosemigrossi","20":"pa_descrizione-rullinosoia","21":"pa_n-6896","22":"pa_n-6902","23":"pa_n-6901","24":"pa_n-6900","25":"pa_n-6899","26":"pa_n-6898","27":"pa_n-6897","28":"pa_n-6909","29":"pa_n-6908","30":"pa_n-6907","31":"pa_n-6906","32":"pa_n-6905","33":"pa_n-6904","34":"pa_n-6903","35":"sales-flash-overlay","36":"woocommerce-text-align-center","37":"woocommerce-image-align-center","38":"do-quantity-buttons","40":"first","41":"instock","42":"taxable","43":"shipping-taxable","44":"product-type-variable","45":"has-default-attributes"},"acf":[],"_links":{"self":[{"href":"https:\/\/guaitasrl.it\/de\/wp-json\/wp\/v2\/product\/26822","targetHints":{"allow":["GET"]}}],"collection":[{"href":"https:\/\/guaitasrl.it\/de\/wp-json\/wp\/v2\/product"}],"about":[{"href":"https:\/\/guaitasrl.it\/de\/wp-json\/wp\/v2\/types\/product"}],"wp:featuredmedia":[{"embeddable":true,"href":"https:\/\/guaitasrl.it\/de\/wp-json\/wp\/v2\/media\/26819"}],"wp:attachment":[{"href":"https:\/\/guaitasrl.it\/de\/wp-json\/wp\/v2\/media?parent=26822"}],"wp:term":[{"taxonomy":"product_brand","embeddable":true,"href":"https:\/\/guaitasrl.it\/de\/wp-json\/wp\/v2\/product_brand?post=26822"},{"taxonomy":"product_cat","embeddable":true,"href":"https:\/\/guaitasrl.it\/de\/wp-json\/wp\/v2\/product_cat?post=26822"},{"taxonomy":"product_tag","embeddable":true,"href":"https:\/\/guaitasrl.it\/de\/wp-json\/wp\/v2\/product_tag?post=26822"}],"curies":[{"name":"wp","href":"https:\/\/api.w.org\/{rel}","templated":true}]}}