{"id":30367,"date":"2020-06-16T19:46:46","date_gmt":"2020-06-16T17:46:46","guid":{"rendered":"https:\/\/guaitasrl.it\/prodotto\/numeri-e-lettere-per-targhe-ripetitrici-30x60-mm\/"},"modified":"2026-05-06T16:53:16","modified_gmt":"2026-05-06T14:53:16","slug":"zahlen-und-buchstaben-fur-repetierplatten-30x60-mm","status":"publish","type":"product","link":"https:\/\/guaitasrl.it\/de\/shop\/materiale-elettrico-e-fanaleria\/componenti-vari\/numeri-e-lettere-per-targhe-ripetitrici-30x60-mm\/","title":{"rendered":"ZIFFERN UND BUCHSTABEN F\u00dcR WIEDERHOLBARE PLATTEN 30\u00d760 mm"},"content":{"rendered":"","protected":false},"excerpt":{"rendered":"<h4><strong>DAS PRODUKT IST NICHT VERF\u00dcGBAR? ES IST SICHER AUF DEM WEG! FRAGEN SIE UNSERE MITARBEITER NACH DEM LIEFERTERMIN!<\/strong><\/h4>","protected":false},"featured_media":30364,"template":"","meta":{"_acf_changed":false,"_relevanssi_hide_post":"","_relevanssi_hide_content":"","_relevanssi_pin_for_all":"","_relevanssi_pin_keywords":"","_relevanssi_unpin_keywords":"","_relevanssi_related_keywords":"","_relevanssi_related_include_ids":"","_relevanssi_related_exclude_ids":"","_relevanssi_related_no_append":"","_relevanssi_related_not_related":"","_relevanssi_related_posts":"","_relevanssi_noindex_reason":""},"product_brand":[],"product_cat":[214],"product_tag":[],"class_list":{"0":"post-30367","1":"product","2":"type-product","3":"status-publish","4":"has-post-thumbnail","6":"product_cat-componenti-vari","7":"pa_lettera-a","8":"pa_lettera-b","9":"pa_lettera-c","10":"pa_lettera-d","11":"pa_lettera-e","12":"pa_lettera-g","13":"pa_lettera-h","14":"pa_lettera-i","15":"pa_lettera-j","16":"pa_lettera-k","17":"pa_lettera-l","18":"pa_lettera-m","19":"pa_lettera-n","20":"pa_lettera-o","21":"pa_lettera-p","22":"pa_lettera-q","23":"pa_lettera-r","24":"pa_lettera-s","25":"pa_lettera-t","26":"pa_lettera-u","27":"pa_lettera-v","28":"pa_lettera-w","29":"pa_lettera-x","30":"pa_lettera-y","31":"pa_lettera-z","32":"pa_numero-6778","33":"pa_numero-6779","34":"pa_numero-6786","35":"pa_numero-6785","36":"pa_numero-6784","37":"pa_numero-6783","38":"pa_numero-6782","39":"pa_numero-6781","40":"pa_numero-6780","41":"sales-flash-overlay","42":"woocommerce-text-align-center","43":"woocommerce-image-align-center","44":"do-quantity-buttons","46":"first","47":"instock","48":"taxable","49":"shipping-taxable","50":"product-type-variable","51":"has-default-attributes"},"acf":[],"_links":{"self":[{"href":"https:\/\/guaitasrl.it\/de\/wp-json\/wp\/v2\/product\/30367","targetHints":{"allow":["GET"]}}],"collection":[{"href":"https:\/\/guaitasrl.it\/de\/wp-json\/wp\/v2\/product"}],"about":[{"href":"https:\/\/guaitasrl.it\/de\/wp-json\/wp\/v2\/types\/product"}],"wp:featuredmedia":[{"embeddable":true,"href":"https:\/\/guaitasrl.it\/de\/wp-json\/wp\/v2\/media\/30364"}],"wp:attachment":[{"href":"https:\/\/guaitasrl.it\/de\/wp-json\/wp\/v2\/media?parent=30367"}],"wp:term":[{"taxonomy":"product_brand","embeddable":true,"href":"https:\/\/guaitasrl.it\/de\/wp-json\/wp\/v2\/product_brand?post=30367"},{"taxonomy":"product_cat","embeddable":true,"href":"https:\/\/guaitasrl.it\/de\/wp-json\/wp\/v2\/product_cat?post=30367"},{"taxonomy":"product_tag","embeddable":true,"href":"https:\/\/guaitasrl.it\/de\/wp-json\/wp\/v2\/product_tag?post=30367"}],"curies":[{"name":"wp","href":"https:\/\/api.w.org\/{rel}","templated":true}]}}