{"id":33806,"date":"2024-01-24T11:42:53","date_gmt":"2024-01-24T10:42:53","guid":{"rendered":"https:\/\/guaitasrl.it\/?post_type=product&#038;p=33806"},"modified":"2026-05-06T16:49:10","modified_gmt":"2026-05-06T14:49:10","slug":"gebogener-titan-schalldampfer-fur-traktoren","status":"publish","type":"product","link":"https:\/\/guaitasrl.it\/de\/shop\/accessori-trattori\/marmitte-per-trattori\/marmitta-per-trattore-al-titanio-curvo\/","title":{"rendered":"GEBOGENER TITAN-SCHALLD\u00c4MPFER F\u00dcR TRAKTOREN"},"content":{"rendered":"","protected":false},"excerpt":{"rendered":"<h4><strong>DAS PRODUKT IST NICHT VERF\u00dcGBAR? ES IST SICHER AUF DEM WEG! FRAGEN SIE UNSERE MITARBEITER NACH DEM LIEFERTERMIN!<\/strong><\/h4>","protected":false},"featured_media":33807,"template":"","meta":{"_acf_changed":false,"_relevanssi_hide_post":"","_relevanssi_hide_content":"","_relevanssi_pin_for_all":"","_relevanssi_pin_keywords":"","_relevanssi_unpin_keywords":"","_relevanssi_related_keywords":"","_relevanssi_related_include_ids":"","_relevanssi_related_exclude_ids":"","_relevanssi_related_no_append":"","_relevanssi_related_not_related":"","_relevanssi_related_posts":"","_relevanssi_noindex_reason":""},"product_brand":[],"product_cat":[376],"product_tag":[],"class_list":{"0":"post-33806","1":"product","2":"type-product","3":"status-publish","4":"has-post-thumbnail","6":"product_cat-marmitte-per-trattori","7":"pa_d-7798","8":"pa_d-45-2","9":"pa_d-7799","10":"pa_d-10203","11":"pa_d-7801","12":"pa_d-10247","13":"pa_d-10244","14":"pa_l-27529","15":"pa_l-27530","16":"sales-flash-overlay","17":"woocommerce-text-align-center","18":"woocommerce-image-align-center","19":"do-quantity-buttons","21":"first","22":"instock","23":"taxable","24":"shipping-taxable","25":"product-type-variable"},"acf":[],"_links":{"self":[{"href":"https:\/\/guaitasrl.it\/de\/wp-json\/wp\/v2\/product\/33806","targetHints":{"allow":["GET"]}}],"collection":[{"href":"https:\/\/guaitasrl.it\/de\/wp-json\/wp\/v2\/product"}],"about":[{"href":"https:\/\/guaitasrl.it\/de\/wp-json\/wp\/v2\/types\/product"}],"wp:featuredmedia":[{"embeddable":true,"href":"https:\/\/guaitasrl.it\/de\/wp-json\/wp\/v2\/media\/33807"}],"wp:attachment":[{"href":"https:\/\/guaitasrl.it\/de\/wp-json\/wp\/v2\/media?parent=33806"}],"wp:term":[{"taxonomy":"product_brand","embeddable":true,"href":"https:\/\/guaitasrl.it\/de\/wp-json\/wp\/v2\/product_brand?post=33806"},{"taxonomy":"product_cat","embeddable":true,"href":"https:\/\/guaitasrl.it\/de\/wp-json\/wp\/v2\/product_cat?post=33806"},{"taxonomy":"product_tag","embeddable":true,"href":"https:\/\/guaitasrl.it\/de\/wp-json\/wp\/v2\/product_tag?post=33806"}],"curies":[{"name":"wp","href":"https:\/\/api.w.org\/{rel}","templated":true}]}}