{"id":34257,"date":"2024-01-31T15:55:49","date_gmt":"2024-01-31T14:55:49","guid":{"rendered":"https:\/\/guaitasrl.it\/?post_type=product&#038;p=34257"},"modified":"2026-05-06T16:35:10","modified_gmt":"2026-05-06T14:35:10","slug":"komplettes-wolfsgraues-paddel-set","status":"publish","type":"product","link":"https:\/\/guaitasrl.it\/de\/shop\/irrorazione-e-diserbo\/elettrovalvole-arag\/kit-paletta-completa-wolf-grigia\/","title":{"rendered":"KOMPLETTES WOLFSGRAUES PADDEL-SET"},"content":{"rendered":"","protected":false},"excerpt":{"rendered":"<div class=\"title first-title\">ALLGEMEINE MERKMALE<\/div>\n<div class=\"description\">Eigenschaften<\/div>\n<ul class=\"features-list\">\n<li>Vollst\u00e4ndig abgedichteter elektronischer Sensor<\/li>\n<li>Fl\u00fcssigkeitsber\u00fchrte Teile aus glasfaserverst\u00e4rktem Nylon und Delrin\u00ae.<\/li>\n<li>LED-Betriebsanzeige<\/li>\n<\/ul>\n<div class=\"title\">TECHNISCHE MERKMALE<\/div>\n<div class=\"description\">Vorteile<\/div>\n<ul class=\"features-list\">\n<li>Hohe Pr\u00e4zision und exzellentes Preis-\/Leistungsverh\u00e4ltnis<\/li>\n<li>Versionen mit Gabelsteckern, um Verbindungen nach Wunsch zu konfigurieren<\/li>\n<li>Ausf\u00fchrungen f\u00fcr den Einbau in Steuerger\u00e4te und mit Messingflanschen f\u00fcr hohe Dr\u00fccke<\/li>\n<\/ul>\n<ul class=\"features-list\">\n<li>Paddelbaugruppe mit 'TWIST'-System f\u00fcr werkzeuglose Reinigung oder Austausch<\/li>\n<li>Saphirklingenzapfen zur Minimierung der Reibung w\u00e4hrend der Rotation und zur Maximierung der Empfindlichkeit und Pr\u00e4zision<\/li>\n<\/ul>","protected":false},"featured_media":34258,"template":"","meta":{"_acf_changed":false,"_relevanssi_hide_post":"","_relevanssi_hide_content":"","_relevanssi_pin_for_all":"","_relevanssi_pin_keywords":"","_relevanssi_unpin_keywords":"","_relevanssi_related_keywords":"","_relevanssi_related_include_ids":"","_relevanssi_related_exclude_ids":"","_relevanssi_related_no_append":"","_relevanssi_related_not_related":"","_relevanssi_related_posts":"","_relevanssi_noindex_reason":""},"product_brand":[],"product_cat":[106],"product_tag":[],"class_list":{"0":"post-34257","1":"product","2":"type-product","3":"status-publish","4":"has-post-thumbnail","6":"product_cat-elettrovalvole-arag","7":"pa_tipo-wolf","8":"sales-flash-overlay","9":"woocommerce-text-align-center","10":"woocommerce-image-align-center","11":"do-quantity-buttons","12":"wc-has-gallery","14":"first","15":"instock","16":"taxable","17":"shipping-taxable","18":"product-type-variable"},"acf":[],"_links":{"self":[{"href":"https:\/\/guaitasrl.it\/de\/wp-json\/wp\/v2\/product\/34257","targetHints":{"allow":["GET"]}}],"collection":[{"href":"https:\/\/guaitasrl.it\/de\/wp-json\/wp\/v2\/product"}],"about":[{"href":"https:\/\/guaitasrl.it\/de\/wp-json\/wp\/v2\/types\/product"}],"wp:featuredmedia":[{"embeddable":true,"href":"https:\/\/guaitasrl.it\/de\/wp-json\/wp\/v2\/media\/34258"}],"wp:attachment":[{"href":"https:\/\/guaitasrl.it\/de\/wp-json\/wp\/v2\/media?parent=34257"}],"wp:term":[{"taxonomy":"product_brand","embeddable":true,"href":"https:\/\/guaitasrl.it\/de\/wp-json\/wp\/v2\/product_brand?post=34257"},{"taxonomy":"product_cat","embeddable":true,"href":"https:\/\/guaitasrl.it\/de\/wp-json\/wp\/v2\/product_cat?post=34257"},{"taxonomy":"product_tag","embeddable":true,"href":"https:\/\/guaitasrl.it\/de\/wp-json\/wp\/v2\/product_tag?post=34257"}],"curies":[{"name":"wp","href":"https:\/\/api.w.org\/{rel}","templated":true}]}}