{"id":3637,"date":"2018-12-13T13:49:03","date_gmt":"2018-12-13T12:49:03","guid":{"rendered":"https:\/\/guaitasrl.it\/prodotto\/perni-con-catena-nero\/"},"modified":"2026-05-06T16:53:14","modified_gmt":"2026-05-06T14:53:14","slug":"anstecknadeln-mit-schwarzer-kette","status":"publish","type":"product","link":"https:\/\/guaitasrl.it\/de\/shop\/accessori-trattori\/perni-superiori-ed-inferiori\/perni-con-catena-nero\/","title":{"rendered":"Schwarz verzinkte Hochleistungs-Kettenbolzen"},"content":{"rendered":"","protected":false},"excerpt":{"rendered":"<p><strong>Stahl<\/strong>: <strong>C40<\/strong><br \/>\n<strong>Best\u00e4ndigkeit gegen Salzspr\u00fchnebel<\/strong>: <strong>768 H<\/strong><\/p>\n<p><strong>SCHWARZE PIN<\/strong>Schwarzer verzinkter Stift mit elektrolytischer Abscheidung (Eloxierung) aus C40-Stahl, 20 Mikrometer Verzinkungsst\u00e4rke (verst\u00e4rkte Schicht) und 768 Stunden Salzspr\u00fchnebelbest\u00e4ndigkeit. Der Stift hat eine durchschnittlich 7 bis 10 Mal l\u00e4ngere Lebensdauer als der klassische wei\u00df verzinkte Stift. Dieser Stift eignet sich f\u00fcr schwere Arbeiten und eine lange Lebensdauer (hohe Leistung) und ist sehr widerstandsf\u00e4hig gegen Chemikalien, Witterung und Maschinenvibrationen.<\/p>\n<p><strong>DAS PRODUKT IST NICHT VERF\u00dcGBAR? ES IST SICHER AUF DEM WEG! FRAGEN SIE UNSERE MITARBEITER NACH DEM LIEFERTERMIN!<\/strong><\/p>","protected":false},"featured_media":3634,"template":"","meta":{"_acf_changed":false,"_relevanssi_hide_post":"","_relevanssi_hide_content":"","_relevanssi_pin_for_all":"","_relevanssi_pin_keywords":"","_relevanssi_unpin_keywords":"","_relevanssi_related_keywords":"","_relevanssi_related_include_ids":"","_relevanssi_related_exclude_ids":"","_relevanssi_related_no_append":"","_relevanssi_related_not_related":"","_relevanssi_related_posts":"","_relevanssi_noindex_reason":""},"product_brand":[],"product_cat":[256],"product_tag":[],"class_list":{"0":"post-3637","1":"product","2":"type-product","3":"status-publish","4":"has-post-thumbnail","6":"product_cat-perni-superiori-ed-inferiori","7":"pa_d-9581","8":"pa_d-25-2","9":"pa_d-10246","10":"pa_pzconf-27989","11":"sales-flash-overlay","12":"woocommerce-text-align-center","13":"woocommerce-image-align-center","14":"do-quantity-buttons","16":"first","17":"outofstock","18":"taxable","19":"shipping-taxable","20":"product-type-variable","21":"has-default-attributes"},"acf":[],"_links":{"self":[{"href":"https:\/\/guaitasrl.it\/de\/wp-json\/wp\/v2\/product\/3637","targetHints":{"allow":["GET"]}}],"collection":[{"href":"https:\/\/guaitasrl.it\/de\/wp-json\/wp\/v2\/product"}],"about":[{"href":"https:\/\/guaitasrl.it\/de\/wp-json\/wp\/v2\/types\/product"}],"wp:featuredmedia":[{"embeddable":true,"href":"https:\/\/guaitasrl.it\/de\/wp-json\/wp\/v2\/media\/3634"}],"wp:attachment":[{"href":"https:\/\/guaitasrl.it\/de\/wp-json\/wp\/v2\/media?parent=3637"}],"wp:term":[{"taxonomy":"product_brand","embeddable":true,"href":"https:\/\/guaitasrl.it\/de\/wp-json\/wp\/v2\/product_brand?post=3637"},{"taxonomy":"product_cat","embeddable":true,"href":"https:\/\/guaitasrl.it\/de\/wp-json\/wp\/v2\/product_cat?post=3637"},{"taxonomy":"product_tag","embeddable":true,"href":"https:\/\/guaitasrl.it\/de\/wp-json\/wp\/v2\/product_tag?post=3637"}],"curies":[{"name":"wp","href":"https:\/\/api.w.org\/{rel}","templated":true}]}}