{"id":37723,"date":"2025-07-12T11:12:08","date_gmt":"2025-07-12T09:12:08","guid":{"rendered":"https:\/\/guaitasrl.it\/?post_type=product&#038;p=37723"},"modified":"2026-01-24T20:26:43","modified_gmt":"2026-01-24T19:26:43","slug":"protex-polypropylen-ummantelung-fur-hydraulikschlauche","status":"publish","type":"product","link":"https:\/\/guaitasrl.it\/de\/shop\/oleodinamica-lubrificazione-e-ingrassaggio\/tubi-oleodinamici-trecciati\/guaina-in-polipropilene-protex-per-tubi-oleodinamici\/","title":{"rendered":"PROTEX POLYPROPYLENE Ummantelung f\u00fcr Hydraulikschl\u00e4uche"},"content":{"rendered":"","protected":false},"excerpt":{"rendered":"<p><strong>DAS PRODUKT IST NICHT VERF\u00dcGBAR? ES IST SICHER AUF DEM WEG! FRAGEN SIE UNSERE MITARBEITER NACH DEM LIEFERTERMIN!<\/strong><\/p>\n<p><strong>100 M ROLLEN\u00a0<\/strong><\/p>\n<p><strong>PREISE GELTEN PRO LAUFMETER\u00a0<\/strong><\/p>\n<p><strong>R\u00f6hrenf\u00f6rmig:<\/strong>\u00a0100 % Polypropylen<br \/>\n<strong>Die Dicke:<\/strong>\u00a01,40 mm (+\/- 1 %)<br \/>\n<strong>Farbe:\u00a0<\/strong>Schwarz<br \/>\n<strong>Abriebfestigkeit:<\/strong>\u00a0&gt;25.000 Zyklen<br \/>\n<strong>Bruchlast:<\/strong>\u00a0428 bis 1430 N<br \/>\n<strong>Dehnungsbruch:<\/strong>\u00a029 bis 33%<\/p>\n<p><strong>ANDERE GR\u00d6SSEN AUF ANFRAGE\u00a0<\/strong><\/p>","protected":false},"featured_media":37724,"template":"","meta":{"_acf_changed":false,"_relevanssi_hide_post":"","_relevanssi_hide_content":"","_relevanssi_pin_for_all":"","_relevanssi_pin_keywords":"","_relevanssi_unpin_keywords":"","_relevanssi_related_keywords":"","_relevanssi_related_include_ids":"","_relevanssi_related_exclude_ids":"","_relevanssi_related_no_append":"","_relevanssi_related_not_related":"","_relevanssi_related_posts":"","_relevanssi_noindex_reason":""},"product_brand":[],"product_cat":[76,27951],"product_tag":[],"class_list":{"0":"post-37723","1":"product","2":"type-product","3":"status-publish","4":"has-post-thumbnail","6":"product_cat-tubi-oleodinamici-trecciati","7":"product_cat-tubi-oleodinamici-vitillo","8":"pa_d-9595","9":"pa_d-9593","10":"pa_d-7798","11":"pa_d-45-2","12":"pa_dinterno-28366","13":"pa_dinterno-28219","14":"pa_dinterno-28367","15":"pa_dinterno-28220","16":"sales-flash-overlay","17":"woocommerce-text-align-center","18":"woocommerce-image-align-center","19":"do-quantity-buttons","21":"first","22":"outofstock","23":"taxable","24":"shipping-taxable","25":"product-type-variable"},"acf":[],"_links":{"self":[{"href":"https:\/\/guaitasrl.it\/de\/wp-json\/wp\/v2\/product\/37723","targetHints":{"allow":["GET"]}}],"collection":[{"href":"https:\/\/guaitasrl.it\/de\/wp-json\/wp\/v2\/product"}],"about":[{"href":"https:\/\/guaitasrl.it\/de\/wp-json\/wp\/v2\/types\/product"}],"wp:featuredmedia":[{"embeddable":true,"href":"https:\/\/guaitasrl.it\/de\/wp-json\/wp\/v2\/media\/37724"}],"wp:attachment":[{"href":"https:\/\/guaitasrl.it\/de\/wp-json\/wp\/v2\/media?parent=37723"}],"wp:term":[{"taxonomy":"product_brand","embeddable":true,"href":"https:\/\/guaitasrl.it\/de\/wp-json\/wp\/v2\/product_brand?post=37723"},{"taxonomy":"product_cat","embeddable":true,"href":"https:\/\/guaitasrl.it\/de\/wp-json\/wp\/v2\/product_cat?post=37723"},{"taxonomy":"product_tag","embeddable":true,"href":"https:\/\/guaitasrl.it\/de\/wp-json\/wp\/v2\/product_tag?post=37723"}],"curies":[{"name":"wp","href":"https:\/\/api.w.org\/{rel}","templated":true}]}}