{"id":8068,"date":"2019-03-11T16:36:46","date_gmt":"2019-03-11T15:36:46","guid":{"rendered":"https:\/\/guaitasrl.it\/prodotto\/occhioni-norma-cuna\/"},"modified":"2026-05-06T16:51:16","modified_gmt":"2026-05-06T14:51:16","slug":"norma-cuna-augen","status":"publish","type":"product","link":"https:\/\/guaitasrl.it\/de\/shop\/accessori-per-rimorchio\/occhioni\/occhioni-serie-pesante\/occhioni-norma-cuna\/","title":{"rendered":"Drehbare \u00d6sen - CUNA-gepr\u00fcft"},"content":{"rendered":"","protected":false},"excerpt":{"rendered":"<h4><strong>DAS PRODUKT IST NICHT VERF\u00dcGBAR? ES IST SICHER AUF DEM WEG! FRAGEN SIE UNSERE MITARBEITER NACH DEM LIEFERTERMIN!<\/strong><\/h4>","protected":false},"featured_media":8065,"template":"","meta":{"_acf_changed":false,"_relevanssi_hide_post":"","_relevanssi_hide_content":"","_relevanssi_pin_for_all":"","_relevanssi_pin_keywords":"","_relevanssi_unpin_keywords":"","_relevanssi_related_keywords":"","_relevanssi_related_include_ids":"","_relevanssi_related_exclude_ids":"","_relevanssi_related_no_append":"","_relevanssi_related_not_related":"","_relevanssi_related_posts":"","_relevanssi_noindex_reason":""},"product_brand":[],"product_cat":[655],"product_tag":[],"class_list":{"0":"post-8068","1":"product","2":"type-product","3":"status-publish","4":"has-post-thumbnail","6":"product_cat-occhioni-serie-pesante","7":"pa_a-9556","8":"pa_a-9548","9":"pa_a-9523","10":"pa_a-9521","11":"pa_a-9522","12":"pa_a-9420","13":"pa_caricoverticale-_","14":"pa_caricoverticale-8313","15":"pa_caricoverticale-8312","16":"pa_caricoverticale-8304","17":"pa_caricoverticale-250kg","18":"pa_caricoverticale-8314","19":"pa_omologazione-cuna","20":"pa_trazione-12ton","21":"pa_trazione-14ton","22":"pa_trazione-20ton","23":"pa_trazione-3ton","24":"pa_trazione-6ton","25":"sales-flash-overlay","26":"woocommerce-text-align-center","27":"woocommerce-image-align-center","28":"do-quantity-buttons","29":"wc-has-gallery","31":"first","32":"instock","33":"taxable","34":"shipping-taxable","35":"product-type-variable","36":"has-default-attributes"},"acf":[],"_links":{"self":[{"href":"https:\/\/guaitasrl.it\/de\/wp-json\/wp\/v2\/product\/8068","targetHints":{"allow":["GET"]}}],"collection":[{"href":"https:\/\/guaitasrl.it\/de\/wp-json\/wp\/v2\/product"}],"about":[{"href":"https:\/\/guaitasrl.it\/de\/wp-json\/wp\/v2\/types\/product"}],"wp:featuredmedia":[{"embeddable":true,"href":"https:\/\/guaitasrl.it\/de\/wp-json\/wp\/v2\/media\/8065"}],"wp:attachment":[{"href":"https:\/\/guaitasrl.it\/de\/wp-json\/wp\/v2\/media?parent=8068"}],"wp:term":[{"taxonomy":"product_brand","embeddable":true,"href":"https:\/\/guaitasrl.it\/de\/wp-json\/wp\/v2\/product_brand?post=8068"},{"taxonomy":"product_cat","embeddable":true,"href":"https:\/\/guaitasrl.it\/de\/wp-json\/wp\/v2\/product_cat?post=8068"},{"taxonomy":"product_tag","embeddable":true,"href":"https:\/\/guaitasrl.it\/de\/wp-json\/wp\/v2\/product_tag?post=8068"}],"curies":[{"name":"wp","href":"https:\/\/api.w.org\/{rel}","templated":true}]}}