{"id":2,"date":"2022-06-06T15:13:17","date_gmt":"2022-06-06T15:13:17","guid":{"rendered":"https:\/\/guaita.ms-dev.it\/?page_id=2"},"modified":"2026-01-08T16:41:17","modified_gmt":"2026-01-08T15:41:17","slug":"home-page","status":"publish","type":"page","link":"https:\/\/guaitasrl.it\/fr\/","title":{"rendered":"Home Page"},"content":{"rendered":"Ce que nous proposons\n\t\t\t\t\t\t<h2>Nos services<\/h2>\t\t\t\t\t\n\t\t\t\t\tGuaita y r\u00e9fl\u00e9chit !\n\t\t\t\t\t\t\t\t\t\t\t\n\t\t\t\t\t<p>la maggior parte dei ns prodotti rispettano l&#8217;ambiente<\/p>\t\t\t\t\n\t\t\t\t\t\t\t<img loading=\"lazy\" decoding=\"async\" src=\"https:\/\/guaitasrl.it\/wp-content\/uploads\/2022\/06\/green-field-in-spring-agricultural-landscape-2021-08-26-23-06-27-utc-300x300.jpg\" alt=\"Champ vert au d\u00e9but du printemps. Paysage agricole\" width=\"2560\" height=\"1706\" \/>\n\t\t\t\t\t\t<h3>Agriculture<\/h3>\t\t\t\t\t\n\t\t\t<p>Guaita srl propose une vaste gamme d'articles pour le secteur agricole. Des secteurs les plus courants des pi\u00e8ces d\u00e9tach\u00e9es agricoles aux composants les plus sp\u00e9cifiques et sp\u00e9cialis\u00e9s, elle offre un ensemble complet de produits et de services capables de satisfaire les besoins les plus divers des entreprises et des ateliers agricoles.<\/p>\t\t\n\t\t\t\t\t\t\t<img loading=\"lazy\" decoding=\"async\" src=\"https:\/\/guaitasrl.it\/wp-content\/uploads\/2022\/06\/agriculture-2021-10-21-17-21-15-utc-300x300.jpg\" alt=\"seigle\" width=\"2560\" height=\"1698\" \/>\n\t\t\t\t\t\t<h3>Environnement<\/h3>\t\t\t\t\t\n\t\t\t<p>L&#8217;evoluzione delle politiche ambientali, agricole ed energetiche si rivolge ad una sempre pi\u00f9 spinta integrazione. Questo rende sempre pi\u00f9 strategico effettuare ricerche, analisi e valutazioni in un&#8217;ottica integrata e multidisciplinare, valorizzando le risorse naturali e la loro gestione sostenibile. Per questo Guaita offre consulenze e servizi intregrati per l&#8217;agricoltura e l&#8217;ambiente.<\/p>\t\t\n\t\t\t\t\t\t\t<img loading=\"lazy\" decoding=\"async\" src=\"https:\/\/guaitasrl.it\/wp-content\/uploads\/2022\/06\/agriculture-2021-09-04-15-40-40-utc-300x300.jpg\" alt=\"Agriculture - Pulv\u00e9risation d&#039;engrais sur une culture de bl\u00e9 - North Yorkshire - Angleterre.\" width=\"2560\" height=\"1706\" \/>\n\t\t\t\t\t\t<h3>S\u00e9curit\u00e9<\/h3>\t\t\t\t\t\n\t\t\t<p>La sicurezza per le aziende zootecniche, come per quelle agricole \u00e8 di fondamentale importanza. Ai rischi per la sicurezza e la salute vanno aggiunti quelli derivanti dal contatto con gli animali, che espongono ulterioremente il lavoratore. Per questo Guaita srl si avvale di personale specializzato che attesta e garantisce l&#8217;efficienza e la sicurezza post vedita.<\/p>\t\t\n\t\t1,250+\n\t\t\t\t\tCLIENTI\n\t\t2,000\n\t\t\t\t\tORDINI ANNUALI\n\t\t15\n\t\t\t\t\tNAZIONI SERVITE\n\t\t40+\n\t\t\t\t\tANNI DI ESPERIENZA\n\t\t\t\t<img decoding=\"async\" src=\"https:\/\/guaitasrl.it\/wp-content\/uploads\/2022\/06\/40-anni-icona.png\" alt=\"Ic\u00f4ne des 40 ans\" itemprop=\"image\" height=\"422\" width=\"500\" title=\"Ic\u00f4ne des 40 ans\" onerror=\"this.style.display='none'\" loading=\"lazy\" \/>\n\t\t\t\t\t\t<figure>\n\t\t\t\t\t\t\t<img loading=\"lazy\" decoding=\"async\" src=\"https:\/\/guaitasrl.it\/wp-content\/uploads\/2022\/06\/mrguaita.png\" alt=\"\" width=\"485\" height=\"699\" \/>\n\t\t\t\t\t\t\t\t\t\t\t\t\t<\/figure>\n\t\t\t\t\t\t<figure>\n\t\t\t\t\t\t\t<img loading=\"lazy\" decoding=\"async\" src=\"https:\/\/guaitasrl.it\/wp-content\/uploads\/2024\/03\/ragazze_guaita_marzo24.png\" alt=\"\" srcset=\"https:\/\/guaitasrl.it\/wp-content\/uploads\/2024\/03\/ragazze_guaita_marzo24.png 485w, https:\/\/guaitasrl.it\/wp-content\/uploads\/2024\/03\/ragazze_guaita_marzo24-8x12.png 8w\" width=\"485\" height=\"699\" \/>\n\t\t\t\t\t\t\t\t\t\t\t\t\t<\/figure>\n\t\t\t\t\t\t<figure>\n\t\t\t\t\t\t\t<img loading=\"lazy\" decoding=\"async\" src=\"https:\/\/guaitasrl.it\/wp-content\/uploads\/2022\/06\/giulio_guaita.png\" alt=\"\" width=\"485\" height=\"699\" \/>\n\t\t\t\t\t\t\t\t\t\t\t\t\t<\/figure>\n\t\t\t\t\t\t<figure>\n\t\t\t\t\t\t\t<img loading=\"lazy\" decoding=\"async\" src=\"https:\/\/guaitasrl.it\/wp-content\/uploads\/2022\/06\/massimo_guaita.png\" alt=\"\" width=\"485\" height=\"699\" \/>\n\t\t\t\t\t\t\t\t\t\t\t\t\t<\/figure>\n\t\t\t\tFiabilit\u00e9, s\u00e9curit\u00e9 et rapidit\u00e9\n\t\t\t\t\t\t<h2>Notre soci\u00e9t\u00e9 est pr\u00e9sente sur le march\u00e9 national et international depuis 1983.<\/h2>\t\t\t\t\t\n\t\t\t<p><strong>Notre soci\u00e9t\u00e9 est pr\u00e9sente sur le march\u00e9 national et international depuis 1983.<\/strong>. Guaita srl ha fatto tesoro di questa esperienza nel settore agricolo, offrendo alla propria clientela, una vasta gamma di prodotti, adeguandosi alle nuove tecnologie.La nostra principale preoccupazione \u00e8 soddisfare le esigenze dei clienti, con rapidit\u00e0 e competenza. <strong>Fiabilit\u00e9, s\u00e9curit\u00e9 et rapidit\u00e9.<\/strong><strong>Guaita srl<\/strong> crede ed investe nel proprio futuro, interpreta e rende proprio lo sviluppo che in questi anni ha coinvolto i mercati, ricercando sempre pi\u00f9 l&#8217;integrazione delle nuove tecnologie alla propria organizzazione aziendale.<strong>Un&#8217;organizzazione che vuole favorire e velocizzare l&#8217;interscambio di idee con i propri partners commerciali ed agevolare la conoscenza e l&#8217;accessibilit\u00e0 ai propri prodotti.<\/strong><\/p>\t\t\n\t\t\t\t\t\t<h2>notre nouveau si\u00e8ge \u00e0 Luzzara (Reggio Emilia)<\/h2>\t\t\t\t\t\n\t\t\t\t<a href=\"https:\/\/guaitasrl.it\/fr\/contacts\/\" role=\"button\" target=\"_self\">\n\t\t\t\t\t\t\t\t\t\tContactez nous\n\t\t\t\t\t\t\t\t\t<\/a>","protected":false},"excerpt":{"rendered":"<p>Cosa offriamo I nostri servizi Guaita ci pensa! la maggior parte dei ns prodotti rispettano l&#8217;ambiente Agricoltura Guaita srl offre una vasta gamma di articoli per il comparto Agricoltura. Dai settori pi\u00f9 comuni di ricambi agricoli sino alle componenti pi\u00f9 specifiche e specializzate, offrendo un insieme completo di prodotti e servizi in grado di soddisfare &#8230; <a title=\"Home Page\" class=\"read-more\" href=\"https:\/\/guaitasrl.it\/fr\/\" aria-label=\"En savoir plus sur Home Page\">Lire la suite<\/a><\/p>","protected":false},"author":1,"featured_media":0,"parent":0,"menu_order":0,"comment_status":"closed","ping_status":"open","template":"","meta":{"_acf_changed":false,"_relevanssi_hide_post":"","_relevanssi_hide_content":"","_relevanssi_pin_for_all":"","_relevanssi_pin_keywords":"","_relevanssi_unpin_keywords":"","_relevanssi_related_keywords":"","_relevanssi_related_include_ids":"","_relevanssi_related_exclude_ids":"","_relevanssi_related_no_append":"","_relevanssi_related_not_related":"","_relevanssi_related_posts":"","_relevanssi_noindex_reason":"","footnotes":""},"class_list":["post-2","page","type-page","status-publish"],"acf":[],"_links":{"self":[{"href":"https:\/\/guaitasrl.it\/fr\/wp-json\/wp\/v2\/pages\/2","targetHints":{"allow":["GET"]}}],"collection":[{"href":"https:\/\/guaitasrl.it\/fr\/wp-json\/wp\/v2\/pages"}],"about":[{"href":"https:\/\/guaitasrl.it\/fr\/wp-json\/wp\/v2\/types\/page"}],"author":[{"embeddable":true,"href":"https:\/\/guaitasrl.it\/fr\/wp-json\/wp\/v2\/users\/1"}],"replies":[{"embeddable":true,"href":"https:\/\/guaitasrl.it\/fr\/wp-json\/wp\/v2\/comments?post=2"}],"version-history":[{"count":7,"href":"https:\/\/guaitasrl.it\/fr\/wp-json\/wp\/v2\/pages\/2\/revisions"}],"predecessor-version":[{"id":38276,"href":"https:\/\/guaitasrl.it\/fr\/wp-json\/wp\/v2\/pages\/2\/revisions\/38276"}],"wp:attachment":[{"href":"https:\/\/guaitasrl.it\/fr\/wp-json\/wp\/v2\/media?parent=2"}],"curies":[{"name":"wp","href":"https:\/\/api.w.org\/{rel}","templated":true}]}}