{"id":37,"date":"2022-06-14T12:01:48","date_gmt":"2022-06-14T10:01:48","guid":{"rendered":"https:\/\/guaita.ms-dev.it\/?page_id=37"},"modified":"2024-01-30T15:49:46","modified_gmt":"2024-01-30T14:49:46","slug":"entreprise","status":"publish","type":"page","link":"https:\/\/guaitasrl.it\/fr\/azienda\/","title":{"rendered":"Entreprise"},"content":{"rendered":"<meta itemprop=\"url\" content=\"https:\/\/guaitasrl.it\/wp-content\/uploads\/2022\/06\/azienda.mp4\" \/><div style=\"width: 640px;\" class=\"wp-video\"><video class=\"wp-video-shortcode\" id=\"video-37-1\" width=\"640\" height=\"360\" poster=\"https:\/\/guaitasrl.it\/wp-content\/uploads\/2022\/06\/AZIENDA-PANORAMICA-1280x720.jpg\" preload=\"none\" controls=\"controls\"><source type=\"video\/mp4\" src=\"https:\/\/guaitasrl.it\/wp-content\/uploads\/2022\/06\/azienda.mp4?_=1\" \/><source type=\"video\/webm\" src=\"https:\/\/guaitasrl.it\/wp-content\/uploads\/2022\/06\/azienda.webm?_=1\" \/><a href=\"https:\/\/guaitasrl.it\/wp-content\/uploads\/2022\/06\/azienda.mp4\">https:\/\/guaitasrl.it\/wp-content\/uploads\/2022\/06\/azienda.mp4<\/a><\/video><\/div>\n\t\t\t\tGUAITA srl\n\t\t<h2>Soluzioni per l&#8217;agricoltura dal 1980<\/h2>\n\t\t\t<p>Notre entreprise est pr\u00e9sente sur le march\u00e9 national et international depuis 1983.<br \/><strong>Guaita srl<\/strong> ha fatto tesoro di questa esperienza nel settore agricolo, offrendo alla propria clientela, una vasta gamma di prodotti, adeguandosi alle nuove tecnologie.Le sinergie che ci legano ai nostri clienti e fornitori, hanno permesso di approfondire la conoscenza dei mercati al fine di offrire un servizio sempre migliore.<br \/>Notre principale pr\u00e9occupation est de r\u00e9pondre aux besoins des clients, rapidement et avec comp\u00e9tence.<strong>Fiabilit\u00e9, s\u00e9curit\u00e9 et rapidit\u00e9<\/strong>. Telles sont les caract\u00e9ristiques qui distinguent nos envois. Guaita srl utilise <strong>des partenaires garantissant la ponctualit\u00e9 et le respect des d\u00e9lais<\/strong> nelle consegne del materiale.Oggi, grazie al web, le distanze si annullano e le possibilit\u00e0 offerte dal commercio in rete modificano in modo radicale le caratteristiche del mercato tradizionale. La sfida del mercato globale nel contesto competitivo internazionale, ci impone la necessit\u00e0 di adeguarci attraverso l&#8217;economia digitale, per offrire ai nostri clienti la potenzialit\u00e0 di questi nuovi sistemi.Guaita srl <strong>crede ed investe nel proprio futuro<\/strong>, interpreta e rende proprio lo sviluppo che in questi anni ha coinvolto i mercati, ricercando sempre pi\u00f9 l&#8217;integrazione delle <strong>nuove tecnologie<\/strong> alla propria organizzazione aziendale.Un&#8217;organizzazione che vuole favorire e velocizzare l&#8217; interscambio di idee con i propri partners commerciali ed agevolare la conoscenza e l&#8217;accessibilit\u00e0 ai propri prodotti. <strong>Observer l'avenir et en \u00eatre les acteurs<\/strong> \u00e8 il nostro compito.Una delle nostre prerogative principali \u00e8 finalizzata al mantenimento degli standard qualitativi che contraddistinguono il nostro servizio ed i nostri prodotti. Una qualit\u00e0 che \u00e8 stata raggiunta con impegno, per garantire nel tempo un servizio adeguato alle richieste dei nostri clienti.<img loading=\"lazy\" decoding=\"async\" src=\"https:\/\/guaitasrl.it\/wp-content\/uploads\/2022\/06\/AZIENDA-PANORAMICA-768x432.jpg\" alt=\"\" width=\"768\" height=\"432\" \/><\/p>\t\t\n<h2>\n\t\tGuaita srl @ Eima Bologna 2022\n\t<\/h2>\n\t<p>Extrait de la vid\u00e9o de l'EIMA 2022 au salon de Bologne, du 9 au 13 novembre 2022.<strong> Entretien avec Team Guaita Srl<\/strong><\/p>\n\t<meta itemprop=\"url\" content=\"https:\/\/guaitasrl.it\/wp-content\/uploads\/2023\/02\/guaita-team-@-EIMA2022.mp4\" \/><div style=\"width: 640px;\" class=\"wp-video\"><video class=\"wp-video-shortcode\" id=\"video-37-2\" width=\"640\" height=\"360\" preload=\"metadata\" controls=\"controls\"><source type=\"video\/mp4\" src=\"https:\/\/guaitasrl.it\/wp-content\/uploads\/2023\/02\/guaita-team-@-EIMA2022.mp4?_=2\" \/><a href=\"https:\/\/guaitasrl.it\/wp-content\/uploads\/2023\/02\/guaita-team-@-EIMA2022.mp4\">https:\/\/guaitasrl.it\/wp-content\/uploads\/2023\/02\/guaita-team-@-EIMA2022.mp4<\/a><\/video><\/div>","protected":false},"excerpt":{"rendered":"<p>GUAITA srl Soluzioni per l&#8217;agricoltura dal 1980 La nostra Azienda \u00e8 presente sul mercato nazionale ed internazionale dal 1983.Guaita srl ha fatto tesoro di questa esperienza nel settore agricolo, offrendo alla propria clientela, una vasta gamma di prodotti, adeguandosi alle nuove tecnologie.Le sinergie che ci legano ai nostri clienti e fornitori, hanno permesso di approfondire &#8230; <a title=\"Entreprise\" class=\"read-more\" href=\"https:\/\/guaitasrl.it\/fr\/azienda\/\" aria-label=\"En savoir plus sur Azienda\">Lire la suite<\/a><\/p>","protected":false},"author":1,"featured_media":0,"parent":0,"menu_order":0,"comment_status":"closed","ping_status":"open","template":"","meta":{"_acf_changed":false,"_relevanssi_hide_post":"","_relevanssi_hide_content":"","_relevanssi_pin_for_all":"","_relevanssi_pin_keywords":"","_relevanssi_unpin_keywords":"","_relevanssi_related_keywords":"","_relevanssi_related_include_ids":"","_relevanssi_related_exclude_ids":"","_relevanssi_related_no_append":"","_relevanssi_related_not_related":"","_relevanssi_related_posts":"","_relevanssi_noindex_reason":"","footnotes":""},"class_list":["post-37","page","type-page","status-publish"],"acf":[],"_links":{"self":[{"href":"https:\/\/guaitasrl.it\/fr\/wp-json\/wp\/v2\/pages\/37","targetHints":{"allow":["GET"]}}],"collection":[{"href":"https:\/\/guaitasrl.it\/fr\/wp-json\/wp\/v2\/pages"}],"about":[{"href":"https:\/\/guaitasrl.it\/fr\/wp-json\/wp\/v2\/types\/page"}],"author":[{"embeddable":true,"href":"https:\/\/guaitasrl.it\/fr\/wp-json\/wp\/v2\/users\/1"}],"replies":[{"embeddable":true,"href":"https:\/\/guaitasrl.it\/fr\/wp-json\/wp\/v2\/comments?post=37"}],"version-history":[{"count":2,"href":"https:\/\/guaitasrl.it\/fr\/wp-json\/wp\/v2\/pages\/37\/revisions"}],"predecessor-version":[{"id":34146,"href":"https:\/\/guaitasrl.it\/fr\/wp-json\/wp\/v2\/pages\/37\/revisions\/34146"}],"wp:attachment":[{"href":"https:\/\/guaitasrl.it\/fr\/wp-json\/wp\/v2\/media?parent=37"}],"curies":[{"name":"wp","href":"https:\/\/api.w.org\/{rel}","templated":true}]}}