{"id":39,"date":"2022-06-14T12:02:38","date_gmt":"2022-06-14T10:02:38","guid":{"rendered":"https:\/\/guaita.ms-dev.it\/?page_id=39"},"modified":"2024-11-18T17:51:54","modified_gmt":"2024-11-18T16:51:54","slug":"catalogue-de-produits","status":"publish","type":"page","link":"https:\/\/guaitasrl.it\/fr\/catalogo-prodotti\/","title":{"rendered":"Catalogue des produits"},"content":{"rendered":"De nombreux produits pour tous les besoins\n\t\t<h2>Consultez nos catalogues<\/h2>\n\t\t\t\t\t\t<a href=\"https:\/\/guaitasrl.it\/fr\/catalogue-de-produits\/accessoires-pour-tracteurs\/\" target=\"_self\">\n\t\t\t\t\t\t\t<img loading=\"lazy\" decoding=\"async\" src=\"https:\/\/guaitasrl.it\/wp-content\/uploads\/2022\/06\/trattori-300x300.png\" alt=\"tracteurs\" width=\"500\" height=\"500\" \/>\n\t\t\t\t\t\t<\/a>\n\t\t<h3>Accessoires pour tracteurs<\/h3>\n\t\t\t\t\n\t\t\t\t\t<a href=\"https:\/\/guaitasrl.it\/fr\/catalogue-de-produits\/accessoires-pour-tracteurs\/\" role=\"button\" target=\"_self\">\n\t\t\t\t\t\tVoir\t\t\t\t\t<\/a>\n\t\t\t\t\n\t\t\t\t\t\t<a href=\"https:\/\/guaitasrl.it\/fr\/catalogue-de-produits\/accessoires-pour-remorques\/\" target=\"_self\">\n\t\t\t\t\t\t\t<img loading=\"lazy\" decoding=\"async\" src=\"https:\/\/guaitasrl.it\/wp-content\/uploads\/2022\/06\/rimorchioacc-300x300.png\" alt=\"traileracc\" width=\"500\" height=\"500\" \/>\n\t\t\t\t\t\t<\/a>\n\t\t<h3>Accessoires pour remorques<\/h3>\n\t\t\t\t\n\t\t\t\t\t<a href=\"https:\/\/guaitasrl.it\/fr\/catalogue-de-produits\/accessoires-pour-remorques\/\" role=\"button\" target=\"_self\">\n\t\t\t\t\t\tVoir\t\t\t\t\t<\/a>\n\t\t\t\t\n\t\t\t\t\t\t<a href=\"https:\/\/guaitasrl.it\/fr\/catalogue-de-produits\/traitement-du-sol-recolte\/\" target=\"_self\">\n\t\t\t\t\t\t\t<img loading=\"lazy\" decoding=\"async\" src=\"https:\/\/guaitasrl.it\/wp-content\/uploads\/2022\/06\/lavsuolo-300x300.png\" alt=\"lavsuolo\" width=\"500\" height=\"500\" \/>\n\t\t\t\t\t\t<\/a>\n\t\t<h3>Culture du sol\/r\u00e9colte<\/h3>\n\t\t\t\t\n\t\t\t\t\t<a href=\"https:\/\/guaitasrl.it\/fr\/catalogue-de-produits\/traitement-du-sol-recolte\/\" role=\"button\" target=\"_self\">\n\t\t\t\t\t\tVoir\t\t\t\t\t<\/a>\n\t\t\t\t\n\t\t\t\t\t\t<a href=\"https:\/\/guaitasrl.it\/fr\/catalogue-de-produits\/lequipement-electrique-et-leclairage\/\" target=\"_self\">\n\t\t\t\t\t\t\t<img loading=\"lazy\" decoding=\"async\" src=\"https:\/\/guaitasrl.it\/wp-content\/uploads\/2022\/06\/matelettrico-300x300.png\" alt=\"matelectric\" width=\"500\" height=\"500\" \/>\n\t\t\t\t\t\t<\/a>\n\t\t<h3>\u00c9quipement \u00e9lectrique et \u00e9clairage<\/h3>\n\t\t\t\t\n\t\t\t\t\t<a href=\"https:\/\/guaitasrl.it\/fr\/catalogue-de-produits\/lequipement-electrique-et-leclairage\/\" role=\"button\" target=\"_self\">\n\t\t\t\t\t\tVoir\t\t\t\t\t<\/a>\n\t\t\t\t\n\t\t\t\t\t\t<a href=\"https:\/\/guaitasrl.it\/fr\/catalogue-de-produits\/desherbage-pulverisation\/\" target=\"_self\">\n\t\t\t\t\t\t\t<img loading=\"lazy\" decoding=\"async\" src=\"https:\/\/guaitasrl.it\/wp-content\/uploads\/2022\/06\/irrorazione-300x300.png\" alt=\"pulv\u00e9risation\" width=\"500\" height=\"500\" \/>\n\t\t\t\t\t\t<\/a>\n\t\t<h3>Pulv\u00e9risation \/ D\u00e9sherbage<\/h3>\n\t\t\t\t\n\t\t\t\t\t<a href=\"https:\/\/guaitasrl.it\/fr\/catalogue-de-produits\/desherbage-pulverisation\/\" role=\"button\" target=\"_self\">\n\t\t\t\t\t\tVoir\t\t\t\t\t<\/a>\n\t\t\t\t\n\t\t\t\t\t\t<a href=\"https:\/\/guaitasrl.it\/fr\/catalogue-de-produits\/hydraulique-lubrification-graissage\/\" target=\"_self\">\n\t\t\t\t\t\t\t<img loading=\"lazy\" decoding=\"async\" src=\"https:\/\/guaitasrl.it\/wp-content\/uploads\/2022\/06\/oleodinamica-300x300.png\" alt=\"hydraulique\" width=\"500\" height=\"500\" \/>\n\t\t\t\t\t\t<\/a>\n\t\t<h3>Hydraulique \/ Lubrification \/ Graissage<\/h3>\n\t\t\t\t\n\t\t\t\t\t<a href=\"https:\/\/guaitasrl.it\/fr\/catalogue-de-produits\/hydraulique-lubrification-graissage\/\" role=\"button\" target=\"_self\">\n\t\t\t\t\t\tVoir\t\t\t\t\t<\/a>","protected":false},"excerpt":{"rendered":"<p>Tanti prodotti per ogni esigenza Consulta i nostri cataloghi Accessori per trattori Visualizza Accessori per rimorchio Visualizza Lavorazione suolo \/ raccolta Visualizza Materiale elettrico e fanaleria Visualizza Irrorazione \/ Diserbo Visualizza Oleodinamica \/ Lubrificazione \/ Ingrassaggio Visualizza<\/p>","protected":false},"author":1,"featured_media":0,"parent":0,"menu_order":0,"comment_status":"closed","ping_status":"open","template":"","meta":{"_acf_changed":false,"_relevanssi_hide_post":"","_relevanssi_hide_content":"","_relevanssi_pin_for_all":"","_relevanssi_pin_keywords":"","_relevanssi_unpin_keywords":"","_relevanssi_related_keywords":"","_relevanssi_related_include_ids":"","_relevanssi_related_exclude_ids":"","_relevanssi_related_no_append":"","_relevanssi_related_not_related":"","_relevanssi_related_posts":"","_relevanssi_noindex_reason":"","footnotes":""},"class_list":["post-39","page","type-page","status-publish"],"acf":[],"_links":{"self":[{"href":"https:\/\/guaitasrl.it\/fr\/wp-json\/wp\/v2\/pages\/39","targetHints":{"allow":["GET"]}}],"collection":[{"href":"https:\/\/guaitasrl.it\/fr\/wp-json\/wp\/v2\/pages"}],"about":[{"href":"https:\/\/guaitasrl.it\/fr\/wp-json\/wp\/v2\/types\/page"}],"author":[{"embeddable":true,"href":"https:\/\/guaitasrl.it\/fr\/wp-json\/wp\/v2\/users\/1"}],"replies":[{"embeddable":true,"href":"https:\/\/guaitasrl.it\/fr\/wp-json\/wp\/v2\/comments?post=39"}],"version-history":[{"count":2,"href":"https:\/\/guaitasrl.it\/fr\/wp-json\/wp\/v2\/pages\/39\/revisions"}],"predecessor-version":[{"id":36447,"href":"https:\/\/guaitasrl.it\/fr\/wp-json\/wp\/v2\/pages\/39\/revisions\/36447"}],"wp:attachment":[{"href":"https:\/\/guaitasrl.it\/fr\/wp-json\/wp\/v2\/media?parent=39"}],"curies":[{"name":"wp","href":"https:\/\/api.w.org\/{rel}","templated":true}]}}