{"id":41,"date":"2022-06-14T12:03:06","date_gmt":"2022-06-14T10:03:06","guid":{"rendered":"https:\/\/guaita.ms-dev.it\/?page_id=41"},"modified":"2024-11-18T16:08:15","modified_gmt":"2024-11-18T15:08:15","slug":"accessoires-pour-tracteurs-3","status":"publish","type":"page","link":"https:\/\/guaitasrl.it\/fr\/accessori-trattore\/","title":{"rendered":"Accessoires pour tracteurs"},"content":{"rendered":"<img loading=\"lazy\" decoding=\"async\" src=\"https:\/\/guaitasrl.it\/wp-content\/uploads\/2022\/06\/trattori-300x300.png\" alt=\"tracteurs\" width=\"500\" height=\"500\" \/>\n\t\t\n\t\t\t\t\t<p><strong>Guaita import-export<\/strong> presenta un vastissimo settore dedicato alla vendita all&#8217;<strong>\u00c9tranger<\/strong> et en <strong>Italie <\/strong>de pi\u00e8ces d\u00e9tach\u00e9es et d'accessoires pour tracteurs, tant d'origine que d'origine <strong>(OEM)<\/strong> que dans les pi\u00e8ces d\u00e9tach\u00e9es <strong>(apr\u00e8s le march\u00e9)<\/strong>.<strong>Guaita Srl<\/strong> si contraddistingue per la competitivita&#8217; dei suoi prodotti sul mercato e la qualita&#8217; dei materiali, raggiunte in anni di esperienza.Ultima <strong>novita&#8217; <\/strong>e&#8217; la vasta gamma di batterie per trattori, macchine agricole e movimentazione terra di altissima qualita&#8217; e robustezza. &#8220;<strong>Deka Batterie&#8221;<\/strong> direttamente dall&#8217;America.<\/p>","protected":false},"excerpt":{"rendered":"<p>Guaita import-export presenta un vastissimo settore dedicato alla vendita all&#8217;Estero e in Italia di ricambi e accessori per trattori, sia in primo equipaggiamento (OEM) che nella ricambistica (after market).Guaita Srl si contraddistingue per la competitivita&#8217; dei suoi prodotti sul mercato e la qualita&#8217; dei materiali, raggiunte in anni di esperienza.Ultima novita&#8217; e&#8217; la vasta gamma &#8230; <a title=\"Accessoires pour tracteurs\" class=\"read-more\" href=\"https:\/\/guaitasrl.it\/fr\/accessori-trattore\/\" aria-label=\"En savoir plus sur Accessori trattore\">Lire la suite<\/a><\/p>","protected":false},"author":1,"featured_media":0,"parent":0,"menu_order":0,"comment_status":"closed","ping_status":"open","template":"","meta":{"_acf_changed":false,"_relevanssi_hide_post":"","_relevanssi_hide_content":"","_relevanssi_pin_for_all":"","_relevanssi_pin_keywords":"","_relevanssi_unpin_keywords":"","_relevanssi_related_keywords":"","_relevanssi_related_include_ids":"","_relevanssi_related_exclude_ids":"","_relevanssi_related_no_append":"","_relevanssi_related_not_related":"","_relevanssi_related_posts":"","_relevanssi_noindex_reason":"","footnotes":""},"class_list":["post-41","page","type-page","status-publish"],"acf":[],"_links":{"self":[{"href":"https:\/\/guaitasrl.it\/fr\/wp-json\/wp\/v2\/pages\/41","targetHints":{"allow":["GET"]}}],"collection":[{"href":"https:\/\/guaitasrl.it\/fr\/wp-json\/wp\/v2\/pages"}],"about":[{"href":"https:\/\/guaitasrl.it\/fr\/wp-json\/wp\/v2\/types\/page"}],"author":[{"embeddable":true,"href":"https:\/\/guaitasrl.it\/fr\/wp-json\/wp\/v2\/users\/1"}],"replies":[{"embeddable":true,"href":"https:\/\/guaitasrl.it\/fr\/wp-json\/wp\/v2\/comments?post=41"}],"version-history":[{"count":2,"href":"https:\/\/guaitasrl.it\/fr\/wp-json\/wp\/v2\/pages\/41\/revisions"}],"predecessor-version":[{"id":36433,"href":"https:\/\/guaitasrl.it\/fr\/wp-json\/wp\/v2\/pages\/41\/revisions\/36433"}],"wp:attachment":[{"href":"https:\/\/guaitasrl.it\/fr\/wp-json\/wp\/v2\/media?parent=41"}],"curies":[{"name":"wp","href":"https:\/\/api.w.org\/{rel}","templated":true}]}}