{"id":48,"date":"2022-06-14T12:05:38","date_gmt":"2022-06-14T10:05:38","guid":{"rendered":"https:\/\/guaita.ms-dev.it\/?page_id=48"},"modified":"2024-11-18T16:10:03","modified_gmt":"2024-11-18T15:10:03","slug":"la-transformation-de-la-terre-recoltee","status":"publish","type":"page","link":"https:\/\/guaitasrl.it\/fr\/lavorazione-suolo-raccolto\/","title":{"rendered":"Traitement des sols\/cultures\u00a0"},"content":{"rendered":"<img loading=\"lazy\" decoding=\"async\" src=\"https:\/\/guaitasrl.it\/wp-content\/uploads\/2022\/06\/lavsuolo-300x300.png\" alt=\"lavsuolo\" width=\"500\" height=\"500\" \/>\n\t\t\n\t\t\t\t\t<p><strong>Guaita import-export<\/strong> presenta una gamma all&#8217;avanguardia per quanto riguarda la lavorazione suolo e la raccolta con prodotti originali e\/o adattabili.<strong>Guaita Srl<\/strong> a toujours pr\u00eat\u00e9 attention aux exigences des clients pour une meilleure maintenance des machines (syst\u00e8mes de trempe des couteaux \u00e0 la <strong>Tungst\u00e8ne<\/strong> e <strong>Widia<\/strong>) et la protection de l'environnement.<\/p>","protected":false},"excerpt":{"rendered":"<p>Guaita import-export presenta una gamma all&#8217;avanguardia per quanto riguarda la lavorazione suolo e la raccolta con prodotti originali e\/o adattabili.Guaita Srl presta da sempre attenzione alle richieste dei clienti per la miglior manutenzione dei macchinari (sistemi di indurimento coltelli al Tungsteno e Widia) e alla salvaguardia ambientale.<\/p>","protected":false},"author":1,"featured_media":0,"parent":0,"menu_order":0,"comment_status":"closed","ping_status":"open","template":"","meta":{"_acf_changed":false,"_relevanssi_hide_post":"","_relevanssi_hide_content":"","_relevanssi_pin_for_all":"","_relevanssi_pin_keywords":"","_relevanssi_unpin_keywords":"","_relevanssi_related_keywords":"","_relevanssi_related_include_ids":"","_relevanssi_related_exclude_ids":"","_relevanssi_related_no_append":"","_relevanssi_related_not_related":"","_relevanssi_related_posts":"","_relevanssi_noindex_reason":"","footnotes":""},"class_list":["post-48","page","type-page","status-publish"],"acf":[],"_links":{"self":[{"href":"https:\/\/guaitasrl.it\/fr\/wp-json\/wp\/v2\/pages\/48","targetHints":{"allow":["GET"]}}],"collection":[{"href":"https:\/\/guaitasrl.it\/fr\/wp-json\/wp\/v2\/pages"}],"about":[{"href":"https:\/\/guaitasrl.it\/fr\/wp-json\/wp\/v2\/types\/page"}],"author":[{"embeddable":true,"href":"https:\/\/guaitasrl.it\/fr\/wp-json\/wp\/v2\/users\/1"}],"replies":[{"embeddable":true,"href":"https:\/\/guaitasrl.it\/fr\/wp-json\/wp\/v2\/comments?post=48"}],"version-history":[{"count":2,"href":"https:\/\/guaitasrl.it\/fr\/wp-json\/wp\/v2\/pages\/48\/revisions"}],"predecessor-version":[{"id":36439,"href":"https:\/\/guaitasrl.it\/fr\/wp-json\/wp\/v2\/pages\/48\/revisions\/36439"}],"wp:attachment":[{"href":"https:\/\/guaitasrl.it\/fr\/wp-json\/wp\/v2\/media?parent=48"}],"curies":[{"name":"wp","href":"https:\/\/api.w.org\/{rel}","templated":true}]}}