{"id":1492,"date":"2018-12-13T13:49:00","date_gmt":"2018-12-13T12:49:00","guid":{"rendered":"https:\/\/guaitasrl.it\/prodotto\/friendly-url-autogeneration-failed\/"},"modified":"2026-04-17T12:41:11","modified_gmt":"2026-04-17T10:41:11","slug":"lautogeneration-de-lurl-amicale-a-echoue","status":"publish","type":"product","link":"https:\/\/guaitasrl.it\/fr\/shop\/accessori-trattori\/terzo-punto-meccanico\/friendly-url-autogeneration-failed\/","title":{"rendered":"S\u00e9rie de feux de troisi\u00e8me point galvanis\u00e9s"},"content":{"rendered":"","protected":false},"excerpt":{"rendered":"<p><strong>LE PRODUIT N'EST PAS DISPONIBLE ? IL EST S\u00dbREMENT EN COURS D'ACHEMINEMENT ! DEMANDEZ \u00c0 NOTRE PERSONNEL LA DATE DE LIVRAISON !<\/strong><\/p>\n<p><strong>\u00c9PAISSEUR DU TUBE<\/strong><\/p>\n<p>27X3 = 42,5 X 4<\/p>\n<p>30X3 = 48 X 6<\/p>\n<p><strong>MAT\u00c9RIAUX :<\/strong><\/p>\n<p>TUBE = ACIER 1012<\/p>\n<p>BARRE D'ACCOUPLEMENT FILET\u00c9E = C40<\/p>\n<p>ROTULE = C10 HRC 58\/62<\/p>","protected":false},"featured_media":1489,"template":"","meta":{"_acf_changed":false,"_relevanssi_hide_post":"","_relevanssi_hide_content":"","_relevanssi_pin_for_all":"","_relevanssi_pin_keywords":"","_relevanssi_unpin_keywords":"","_relevanssi_related_keywords":"","_relevanssi_related_include_ids":"","_relevanssi_related_exclude_ids":"","_relevanssi_related_no_append":"","_relevanssi_related_not_related":"","_relevanssi_related_posts":"","_relevanssi_noindex_reason":""},"product_brand":[],"product_cat":[64],"product_tag":[],"class_list":{"0":"post-1492","1":"product","2":"type-product","3":"status-publish","4":"has-post-thumbnail","6":"product_cat-terzo-punto-meccanico","7":"pa_categoria-6850","8":"pa_categoria-6852","9":"pa_categoria-6853","10":"pa_filetto-20x25","11":"pa_filetto-22x25","12":"pa_filetto-24x25","13":"pa_filetto-27x3","14":"pa_filetto-30x3","15":"pa_lmin_max-225_265","16":"pa_lmin_max-266_347","17":"pa_lmin_max-286_370","18":"pa_lmin_max-286_387","19":"pa_lmin_max-296_380","20":"pa_lmin_max-326_450","21":"pa_lmin_max-336_460","22":"pa_lmin_max-340-465","23":"pa_lmin_max-351_509","24":"pa_lmin_max-381_560","25":"pa_lmin_max-386_566","26":"pa_lmin_max-391_570","27":"pa_lmin_max-426_590","28":"pa_lmin_max-430-590","29":"pa_lmin_max-430-650","30":"pa_lmin_max-431_655","31":"pa_lmin_max-436_660","32":"pa_lmin_max-456_675","33":"pa_lmin_max-461_695","34":"pa_lmin_max-466_715","35":"pa_lmin_max-476_695","36":"pa_lmin_max-478_698","37":"pa_lmin_max-478_708","38":"pa_lmin_max-478_718","39":"pa_lmin_max-480_650","40":"pa_lmin_max-481_714","41":"pa_lmin_max-486_586","42":"pa_lmin_max-486_735","43":"pa_lmin_max-506_664","44":"pa_lmin_max-506_725","45":"pa_lmin_max-511_744","46":"pa_lmin_max-516_765","47":"pa_lmin_max-526_768","48":"pa_lmin_max-528_748","49":"pa_lmin_max-528_758","50":"pa_lmin_max-556_755","51":"pa_lmin_max-561_794","52":"pa_lmin_max-566_815","53":"pa_lmin_max-578_798","54":"pa_lmin_max-578_808","55":"pa_lmin_max-578_818","56":"pa_lmin_max-606_825","57":"pa_lmin_max-611_844","58":"pa_lmin_max-616_865","59":"pa_lmin_max-628_848","60":"pa_lmin_max-628_858","61":"pa_lmin_max-656_875","62":"pa_lmin_max-661_894","63":"pa_lmin_max-666_915","64":"pa_lmin_max-678_898","65":"pa_lmin_max-678_908","66":"pa_lmin_max-678_918","67":"pa_lmin_max-755_980","68":"pa_lmin_max-756_975-2","69":"pa_lmin_max-760_970","70":"pa_lmin_max-760_990","71":"pa_lmin_max-761_994","72":"pa_lmin_max-766_1015","73":"pa_lmin_max-830_1030","74":"pa_tubolg-10438","75":"pa_tubolg-10468","76":"pa_tubolg-10467","77":"pa_tubolg-10466","78":"pa_tubolg-10465","79":"pa_tubolg-10458","80":"pa_tubolg-10455","81":"pa_tubolg-10463","82":"pa_tubolg-10454","83":"pa_tubolg-10456","84":"pa_tubolg-10432","85":"pa_tubolg-10453","86":"pa_tubolg-10452","87":"pa_tubolg-10451","88":"pa_tubolg-10450","89":"pa_tubolg-10449","90":"sales-flash-overlay","91":"woocommerce-text-align-center","92":"woocommerce-image-align-center","93":"do-quantity-buttons","95":"first","96":"instock","97":"taxable","98":"shipping-taxable","99":"product-type-variable"},"acf":[],"_links":{"self":[{"href":"https:\/\/guaitasrl.it\/fr\/wp-json\/wp\/v2\/product\/1492","targetHints":{"allow":["GET"]}}],"collection":[{"href":"https:\/\/guaitasrl.it\/fr\/wp-json\/wp\/v2\/product"}],"about":[{"href":"https:\/\/guaitasrl.it\/fr\/wp-json\/wp\/v2\/types\/product"}],"wp:featuredmedia":[{"embeddable":true,"href":"https:\/\/guaitasrl.it\/fr\/wp-json\/wp\/v2\/media\/1489"}],"wp:attachment":[{"href":"https:\/\/guaitasrl.it\/fr\/wp-json\/wp\/v2\/media?parent=1492"}],"wp:term":[{"taxonomy":"product_brand","embeddable":true,"href":"https:\/\/guaitasrl.it\/fr\/wp-json\/wp\/v2\/product_brand?post=1492"},{"taxonomy":"product_cat","embeddable":true,"href":"https:\/\/guaitasrl.it\/fr\/wp-json\/wp\/v2\/product_cat?post=1492"},{"taxonomy":"product_tag","embeddable":true,"href":"https:\/\/guaitasrl.it\/fr\/wp-json\/wp\/v2\/product_tag?post=1492"}],"curies":[{"name":"wp","href":"https:\/\/api.w.org\/{rel}","templated":true}]}}