{"id":15040,"date":"2019-05-02T18:47:06","date_gmt":"2019-05-02T16:47:06","guid":{"rendered":"https:\/\/guaitasrl.it\/prodotto\/tubo-pvc-guaitaflex\/"},"modified":"2026-05-06T16:55:16","modified_gmt":"2026-05-06T14:55:16","slug":"tuyau-pvc-guaitaflex","status":"publish","type":"product","link":"https:\/\/guaitasrl.it\/fr\/shop\/accessori-per-carrobotte\/tubi-in-pvc-originali-merlett\/tubo-pvc-guaitaflex\/","title":{"rendered":"Tuyau en PVC GUAITAFLEX"},"content":{"rendered":"","protected":false},"excerpt":{"rendered":"<p>Tuyau en pvc, super \u00e9lastique, r\u00e9sistant aux chocs et au gel : temp\u00e9ratures - 25 +60 \u00b0C.<br \/>\nFond gris avec spirale en PVC, vert.<br \/>\nAspiration pour les camions-citernes, les \u00e9gouts et les fosses septiques.<br \/>\nEn rouleaux.<\/p>\n<p><span style=\"color: #000000\"><strong>Les prix s'entendent par m\u00e8tre lin\u00e9aire (ROLLES DE 10, 20, 30, 50 MT).<\/strong><\/span><\/p>\n<p><strong>Les prix sont par pi\u00e8ce ( 2 MT, 3 MT, 4 MT, 5 MT , 6 MT )\u00a0<\/strong><\/p>\n<h4><strong>LE PRODUIT N'EST PAS DISPONIBLE ? IL EST S\u00dbREMENT EN COURS D'ACHEMINEMENT ! DEMANDEZ \u00c0 NOTRE PERSONNEL LA DATE DE LIVRAISON !<\/strong><\/h4>","protected":false},"featured_media":36764,"template":"","meta":{"_acf_changed":false,"_relevanssi_hide_post":"","_relevanssi_hide_content":"","_relevanssi_pin_for_all":"","_relevanssi_pin_keywords":"","_relevanssi_unpin_keywords":"","_relevanssi_related_keywords":"","_relevanssi_related_include_ids":"","_relevanssi_related_exclude_ids":"","_relevanssi_related_no_append":"","_relevanssi_related_not_related":"","_relevanssi_related_posts":"","_relevanssi_noindex_reason":""},"product_brand":[],"product_cat":[382],"product_tag":[],"class_list":{"0":"post-15040","1":"product","2":"type-product","3":"status-publish","4":"has-post-thumbnail","6":"product_cat-tubi-in-pvc-originali-merlett","7":"pa_d-10166","8":"pa_d-10143","9":"pa_d-10062","10":"pa_d-10064","11":"pa_d-10061","12":"pa_d-7801","13":"pa_d-10254","14":"pa_d-9843","15":"pa_mt-10mt","16":"pa_mt-2mt","17":"pa_mt-20mt","18":"pa_mt-3mt","19":"pa_mt-30mt","20":"pa_mt-4mt","21":"pa_mt-50mt","22":"pa_mt-6mt","23":"sales-flash-overlay","24":"woocommerce-text-align-center","25":"woocommerce-image-align-center","26":"do-quantity-buttons","28":"first","29":"instock","30":"taxable","31":"shipping-taxable","32":"product-type-variable","33":"has-default-attributes"},"acf":[],"_links":{"self":[{"href":"https:\/\/guaitasrl.it\/fr\/wp-json\/wp\/v2\/product\/15040","targetHints":{"allow":["GET"]}}],"collection":[{"href":"https:\/\/guaitasrl.it\/fr\/wp-json\/wp\/v2\/product"}],"about":[{"href":"https:\/\/guaitasrl.it\/fr\/wp-json\/wp\/v2\/types\/product"}],"wp:featuredmedia":[{"embeddable":true,"href":"https:\/\/guaitasrl.it\/fr\/wp-json\/wp\/v2\/media\/36764"}],"wp:attachment":[{"href":"https:\/\/guaitasrl.it\/fr\/wp-json\/wp\/v2\/media?parent=15040"}],"wp:term":[{"taxonomy":"product_brand","embeddable":true,"href":"https:\/\/guaitasrl.it\/fr\/wp-json\/wp\/v2\/product_brand?post=15040"},{"taxonomy":"product_cat","embeddable":true,"href":"https:\/\/guaitasrl.it\/fr\/wp-json\/wp\/v2\/product_cat?post=15040"},{"taxonomy":"product_tag","embeddable":true,"href":"https:\/\/guaitasrl.it\/fr\/wp-json\/wp\/v2\/product_tag?post=15040"}],"curies":[{"name":"wp","href":"https:\/\/api.w.org\/{rel}","templated":true}]}}