{"id":15265,"date":"2019-05-02T18:47:11","date_gmt":"2019-05-02T16:47:11","guid":{"rendered":"https:\/\/guaitasrl.it\/prodotto\/tubo-pvc-jamaica-m\/"},"modified":"2026-05-06T16:55:16","modified_gmt":"2026-05-06T14:55:16","slug":"tuyau-pvc-jamaica-m","status":"publish","type":"product","link":"https:\/\/guaitasrl.it\/fr\/shop\/accessori-per-carrobotte\/tubi-in-pvc-originali-merlett\/tubo-pvc-jamaica-m\/","title":{"rendered":"JAMA\u00cfQUE Tuyau en PVC \u201cM\u201d"},"content":{"rendered":"","protected":false},"excerpt":{"rendered":"<p>Tuyau plat en pvc, avec renfort en polyester, noir \u00e0 l'int\u00e9rieur, bleu flexible \u00e0 l'ext\u00e9rieur, r\u00e9sistant \u00e0 l'\u00e9longation.<\/p>\n<p>Livraison sous pression de liquides en g\u00e9n\u00e9ral.<\/p>\n<p>Temp\u00e9ratures -5 \u00b0C +60 \u00b0C<\/p>\n<p><strong>Les prix s'entendent par m\u00e8tre lin\u00e9aire<\/strong><\/p>\n<p><strong>AUTRES DIMENSIONS SUR DEMANDE\u00a0<\/strong><\/p>\n<h4><strong>LE PRODUIT N'EST PAS DISPONIBLE ? IL EST S\u00dbREMENT EN COURS D'ACHEMINEMENT ! DEMANDEZ \u00c0 NOTRE PERSONNEL LA DATE DE LIVRAISON !<\/strong><\/h4>","protected":false},"featured_media":34078,"template":"","meta":{"_acf_changed":false,"_relevanssi_hide_post":"","_relevanssi_hide_content":"","_relevanssi_pin_for_all":"","_relevanssi_pin_keywords":"","_relevanssi_unpin_keywords":"","_relevanssi_related_keywords":"","_relevanssi_related_include_ids":"","_relevanssi_related_exclude_ids":"","_relevanssi_related_no_append":"","_relevanssi_related_not_related":"","_relevanssi_related_posts":"","_relevanssi_noindex_reason":""},"product_brand":[],"product_cat":[382],"product_tag":[],"class_list":{"0":"post-15265","1":"product","2":"type-product","3":"status-publish","4":"has-post-thumbnail","6":"product_cat-tubi-in-pvc-originali-merlett","7":"pa_d-10166","8":"pa_d-10064","9":"pa_d-7801","10":"pa_d-9843","11":"pa_mt-50mt","12":"sales-flash-overlay","13":"woocommerce-text-align-center","14":"woocommerce-image-align-center","15":"do-quantity-buttons","17":"first","18":"instock","19":"taxable","20":"shipping-taxable","21":"product-type-variable","22":"has-default-attributes"},"acf":[],"_links":{"self":[{"href":"https:\/\/guaitasrl.it\/fr\/wp-json\/wp\/v2\/product\/15265","targetHints":{"allow":["GET"]}}],"collection":[{"href":"https:\/\/guaitasrl.it\/fr\/wp-json\/wp\/v2\/product"}],"about":[{"href":"https:\/\/guaitasrl.it\/fr\/wp-json\/wp\/v2\/types\/product"}],"wp:featuredmedia":[{"embeddable":true,"href":"https:\/\/guaitasrl.it\/fr\/wp-json\/wp\/v2\/media\/34078"}],"wp:attachment":[{"href":"https:\/\/guaitasrl.it\/fr\/wp-json\/wp\/v2\/media?parent=15265"}],"wp:term":[{"taxonomy":"product_brand","embeddable":true,"href":"https:\/\/guaitasrl.it\/fr\/wp-json\/wp\/v2\/product_brand?post=15265"},{"taxonomy":"product_cat","embeddable":true,"href":"https:\/\/guaitasrl.it\/fr\/wp-json\/wp\/v2\/product_cat?post=15265"},{"taxonomy":"product_tag","embeddable":true,"href":"https:\/\/guaitasrl.it\/fr\/wp-json\/wp\/v2\/product_tag?post=15265"}],"curies":[{"name":"wp","href":"https:\/\/api.w.org\/{rel}","templated":true}]}}