{"id":15610,"date":"2019-05-02T18:47:11","date_gmt":"2019-05-02T16:47:11","guid":{"rendered":"https:\/\/guaitasrl.it\/prodotto\/perno-a-occhio-e-galletto-m20-zincati\/"},"modified":"2026-01-24T19:55:11","modified_gmt":"2026-01-24T18:55:11","slug":"boulon-a-oeil-et-ecrou-papillon-m20-galvanise","status":"publish","type":"product","link":"https:\/\/guaitasrl.it\/fr\/shop\/accessori-per-carrobotte\/chiusure-per-fondo-cisterna\/perno-a-occhio-e-galletto-m20-zincati\/","title":{"rendered":"Boulon \u00e0 \u0153il et \u00e9crou \u00e0 ailettes M20 galvanis\u00e9"},"content":{"rendered":"<p><strong><span style=\"color: #2c9ffd\">PREZZO NON INDICATO = <span style=\"text-decoration: underline\">SUR DEMANDE<\/span><\/span><\/strong><\/p>","protected":false},"excerpt":{"rendered":"<p>PRIX NON INDIQU\u00c9 = SUR DEMANDE<\/p>","protected":false},"featured_media":15607,"template":"","meta":{"_acf_changed":false,"_relevanssi_hide_post":"","_relevanssi_hide_content":"","_relevanssi_pin_for_all":"","_relevanssi_pin_keywords":"","_relevanssi_unpin_keywords":"","_relevanssi_related_keywords":"","_relevanssi_related_include_ids":"","_relevanssi_related_exclude_ids":"","_relevanssi_related_no_append":"","_relevanssi_related_not_related":"","_relevanssi_related_posts":"","_relevanssi_noindex_reason":""},"product_brand":[],"product_cat":[439],"product_tag":[],"class_list":{"0":"post-15610","1":"product","2":"type-product","3":"status-publish","4":"has-post-thumbnail","6":"product_cat-chiusure-per-fondo-cisterna","7":"pa_filetto-m20","8":"sales-flash-overlay","9":"woocommerce-text-align-center","10":"woocommerce-image-align-center","11":"do-quantity-buttons","12":"wc-has-gallery","14":"first","15":"instock","16":"taxable","17":"shipping-taxable","18":"product-type-variable","19":"has-default-attributes"},"acf":[],"_links":{"self":[{"href":"https:\/\/guaitasrl.it\/fr\/wp-json\/wp\/v2\/product\/15610","targetHints":{"allow":["GET"]}}],"collection":[{"href":"https:\/\/guaitasrl.it\/fr\/wp-json\/wp\/v2\/product"}],"about":[{"href":"https:\/\/guaitasrl.it\/fr\/wp-json\/wp\/v2\/types\/product"}],"wp:featuredmedia":[{"embeddable":true,"href":"https:\/\/guaitasrl.it\/fr\/wp-json\/wp\/v2\/media\/15607"}],"wp:attachment":[{"href":"https:\/\/guaitasrl.it\/fr\/wp-json\/wp\/v2\/media?parent=15610"}],"wp:term":[{"taxonomy":"product_brand","embeddable":true,"href":"https:\/\/guaitasrl.it\/fr\/wp-json\/wp\/v2\/product_brand?post=15610"},{"taxonomy":"product_cat","embeddable":true,"href":"https:\/\/guaitasrl.it\/fr\/wp-json\/wp\/v2\/product_cat?post=15610"},{"taxonomy":"product_tag","embeddable":true,"href":"https:\/\/guaitasrl.it\/fr\/wp-json\/wp\/v2\/product_tag?post=15610"}],"curies":[{"name":"wp","href":"https:\/\/api.w.org\/{rel}","templated":true}]}}