{"id":17971,"date":"2019-06-07T11:37:20","date_gmt":"2019-06-07T09:37:20","guid":{"rendered":"https:\/\/guaitasrl.it\/prodotto\/computer-bravo-180-5-vie-per-diserbo-con-cavo-6-m\/"},"modified":"2026-05-06T16:37:12","modified_gmt":"2026-05-06T14:37:12","slug":"bravo-180-5-way-weed-control-computer-with-6-m-cable","status":"publish","type":"product","link":"https:\/\/guaitasrl.it\/fr\/shop\/irrorazione-e-diserbo\/computer-e-navigatori-arag\/computer-bravo-180-5-vie-per-diserbo-con-cavo-6-m\/","title":{"rendered":"Ordinateur BRAVO 180, d\u00e9sherbage \u00e0 5 voies avec c\u00e2ble de 6 m"},"content":{"rendered":"","protected":false},"excerpt":{"rendered":"<div class=\"title first-title\">CARACT\u00c9RISTIQUES G\u00c9N\u00c9RALES<\/div>\n<ul class=\"features-list\">\n<li>Logiciels d'application d\u00e9di\u00e9s : d\u00e9sherbage, pulv\u00e9risation et multifilaire<\/li>\n<li>Indication du niveau du r\u00e9servoir (capteur de niveau en option)<\/li>\n<li>Calibrage automatique du profil du r\u00e9servoir via le d\u00e9bitm\u00e8tre de ligne, avec possibilit\u00e9 d'exporter les param\u00e8tres via USB<\/li>\n<li>R\u00e9gulation automatique par d\u00e9tection de d\u00e9bit ou de pression (via un d\u00e9bitm\u00e8tre ou un capteur de pression)<\/li>\n<li>Arr\u00eat automatique de la pulv\u00e9risation en dessous de la pression minimale r\u00e9gl\u00e9e, de sorte que les buses fonctionnent toujours dans leur plage de fonctionnement.<\/li>\n<li>Fermeture automatique de la vanne principale en dessous de la vitesse minimale de travail fix\u00e9e par l'utilisateur.<\/li>\n<li>Possibilit\u00e9 de m\u00e9moriser 10 configurations de travail (dosage, buses, etc.) \u00e0 rappeler en cas de besoin<\/li>\n<li>Alarmes visuelles et sonores<\/li>\n<li>Augmentation et diminution momentan\u00e9es de la quantit\u00e9 de liquide distribu\u00e9<\/li>\n<li>Logiciel multilingue avec possibilit\u00e9 de d\u00e9finir diff\u00e9rentes unit\u00e9s de mesure (l\/ha, GPA, GPK, l\/100m, etc.)<\/li>\n<li>Donn\u00e9es affichables : dosage, vitesse, pression, d\u00e9bit, quantit\u00e9 distribu\u00e9e, niveau du r\u00e9servoir, surface trait\u00e9e, dur\u00e9e du traitement, distance parcourue.<\/li>\n<\/ul>\n<ul class=\"features-list\">\n<li>Indicateur de niveau int\u00e9gr\u00e9<\/li>\n<li>Connexions pour le GPS et la t\u00e9l\u00e9commande g\u00e9n\u00e9rale<\/li>\n<li>Port USB pour le transfert de donn\u00e9es et la mise \u00e0 jour du logiciel<\/li>\n<li>Fermeture automatique de la vanne g\u00e9n\u00e9rale lorsqu'elle est connect\u00e9e \u00e0 Bravo400S\/Delta80<\/li>\n<li>Arr\u00eat automatique de la pulv\u00e9risation en dessous de la pression minimale r\u00e9gl\u00e9e, de sorte que les buses fonctionnent toujours dans leur plage de fonctionnement.<\/li>\n<li>Alarmes visuelles et sonores<\/li>\n<li>Logiciel multilingue avec possibilit\u00e9 de d\u00e9finir diff\u00e9rentes unit\u00e9s de mesure (l\/ha, GPA, GPK, l\/100m, etc.).<\/li>\n<li>Donn\u00e9es affichables : dosage, vitesse, pression, d\u00e9bit, quantit\u00e9 distribu\u00e9e, niveau du r\u00e9servoir, surface trait\u00e9e, dur\u00e9e du traitement, distance parcourue.<\/li>\n<\/ul>","protected":false},"featured_media":17968,"template":"","meta":{"_acf_changed":false,"_relevanssi_hide_post":"","_relevanssi_hide_content":"","_relevanssi_pin_for_all":"","_relevanssi_pin_keywords":"","_relevanssi_unpin_keywords":"","_relevanssi_related_keywords":"","_relevanssi_related_include_ids":"","_relevanssi_related_exclude_ids":"","_relevanssi_related_no_append":"","_relevanssi_related_not_related":"","_relevanssi_related_posts":"","_relevanssi_noindex_reason":""},"product_brand":[],"product_cat":[79],"product_tag":[],"class_list":{"0":"post-17971","1":"product","2":"type-product","3":"status-publish","4":"has-post-thumbnail","6":"product_cat-computer-e-navigatori-arag","7":"pa_vie-5vie","8":"pa_vie-7vie","9":"sales-flash-overlay","10":"woocommerce-text-align-center","11":"woocommerce-image-align-center","12":"do-quantity-buttons","13":"wc-has-gallery","15":"first","16":"instock","17":"taxable","18":"shipping-taxable","19":"product-type-variable","20":"has-default-attributes"},"acf":[],"_links":{"self":[{"href":"https:\/\/guaitasrl.it\/fr\/wp-json\/wp\/v2\/product\/17971","targetHints":{"allow":["GET"]}}],"collection":[{"href":"https:\/\/guaitasrl.it\/fr\/wp-json\/wp\/v2\/product"}],"about":[{"href":"https:\/\/guaitasrl.it\/fr\/wp-json\/wp\/v2\/types\/product"}],"wp:featuredmedia":[{"embeddable":true,"href":"https:\/\/guaitasrl.it\/fr\/wp-json\/wp\/v2\/media\/17968"}],"wp:attachment":[{"href":"https:\/\/guaitasrl.it\/fr\/wp-json\/wp\/v2\/media?parent=17971"}],"wp:term":[{"taxonomy":"product_brand","embeddable":true,"href":"https:\/\/guaitasrl.it\/fr\/wp-json\/wp\/v2\/product_brand?post=17971"},{"taxonomy":"product_cat","embeddable":true,"href":"https:\/\/guaitasrl.it\/fr\/wp-json\/wp\/v2\/product_cat?post=17971"},{"taxonomy":"product_tag","embeddable":true,"href":"https:\/\/guaitasrl.it\/fr\/wp-json\/wp\/v2\/product_tag?post=17971"}],"curies":[{"name":"wp","href":"https:\/\/api.w.org\/{rel}","templated":true}]}}