{"id":18016,"date":"2019-06-07T11:37:21","date_gmt":"2019-06-07T09:37:21","guid":{"rendered":"https:\/\/guaitasrl.it\/prodotto\/telecamera-con-cavo\/"},"modified":"2026-01-24T19:59:18","modified_gmt":"2026-01-24T18:59:18","slug":"camera-avec-cable","status":"publish","type":"product","link":"https:\/\/guaitasrl.it\/fr\/shop\/irrorazione-e-diserbo\/computer-e-navigatori-arag\/telecamera-con-cavo\/","title":{"rendered":"Cam\u00e9ra filaire"},"content":{"rendered":"","protected":false},"excerpt":{"rendered":"<div class=\"description\">Caract\u00e9ristiques g\u00e9n\u00e9rales<\/div>\n<ul class=\"features-list\">\n<li>\u00c9clairage infrarouge pour la vision nocturne<\/li>\n<li>Support d'inclinaison r\u00e9glable<\/li>\n<li>S\u00e9lecteur pour vision directe ou sp\u00e9culaire<\/li>\n<\/ul>\n<div class=\"description\">Sp\u00e9cifications techniques<\/div>\n<ul class=\"features-list\">\n<li>Capteur CCD couleur 1\/3\u201d avec 512\u00d7582 pixels<\/li>\n<li>Angle de vision 120<\/li>\n<li>Longueur du c\u00e2ble de connexion : 15 m\u00e8tres<\/li>\n<\/ul>","protected":false},"featured_media":18013,"template":"","meta":{"_acf_changed":false,"_relevanssi_hide_post":"","_relevanssi_hide_content":"","_relevanssi_pin_for_all":"","_relevanssi_pin_keywords":"","_relevanssi_unpin_keywords":"","_relevanssi_related_keywords":"","_relevanssi_related_include_ids":"","_relevanssi_related_exclude_ids":"","_relevanssi_related_no_append":"","_relevanssi_related_not_related":"","_relevanssi_related_posts":"","_relevanssi_noindex_reason":""},"product_brand":[],"product_cat":[79],"product_tag":[],"class_list":{"0":"post-18016","1":"product","2":"type-product","3":"status-publish","4":"has-post-thumbnail","6":"product_cat-computer-e-navigatori-arag","7":"sales-flash-overlay","8":"woocommerce-text-align-center","9":"woocommerce-image-align-center","10":"do-quantity-buttons","12":"first","13":"outofstock","14":"taxable","15":"shipping-taxable","16":"product-type-variable"},"acf":[],"_links":{"self":[{"href":"https:\/\/guaitasrl.it\/fr\/wp-json\/wp\/v2\/product\/18016","targetHints":{"allow":["GET"]}}],"collection":[{"href":"https:\/\/guaitasrl.it\/fr\/wp-json\/wp\/v2\/product"}],"about":[{"href":"https:\/\/guaitasrl.it\/fr\/wp-json\/wp\/v2\/types\/product"}],"wp:featuredmedia":[{"embeddable":true,"href":"https:\/\/guaitasrl.it\/fr\/wp-json\/wp\/v2\/media\/18013"}],"wp:attachment":[{"href":"https:\/\/guaitasrl.it\/fr\/wp-json\/wp\/v2\/media?parent=18016"}],"wp:term":[{"taxonomy":"product_brand","embeddable":true,"href":"https:\/\/guaitasrl.it\/fr\/wp-json\/wp\/v2\/product_brand?post=18016"},{"taxonomy":"product_cat","embeddable":true,"href":"https:\/\/guaitasrl.it\/fr\/wp-json\/wp\/v2\/product_cat?post=18016"},{"taxonomy":"product_tag","embeddable":true,"href":"https:\/\/guaitasrl.it\/fr\/wp-json\/wp\/v2\/product_tag?post=18016"}],"curies":[{"name":"wp","href":"https:\/\/api.w.org\/{rel}","templated":true}]}}