{"id":18301,"date":"2019-06-07T11:37:23","date_gmt":"2019-06-07T09:37:23","guid":{"rendered":"https:\/\/guaitasrl.it\/prodotto\/kit-manometro-2\/"},"modified":"2026-04-17T12:17:14","modified_gmt":"2026-04-17T10:17:14","slug":"kit-manometre-2","status":"publish","type":"product","link":"https:\/\/guaitasrl.it\/fr\/shop\/irrorazione-e-diserbo\/gruppi-di-comando-per-atomizzatore-arag\/kit-manometro-2\/","title":{"rendered":"Kit manom\u00e8tre"},"content":{"rendered":"","protected":false},"excerpt":{"rendered":"<div class=\"title first-title\">CARACT\u00c9RISTIQUES G\u00c9N\u00c9RALES<\/div>\n<ul class=\"features-list\">\n<li>Fourni avec un c\u00e2ble de connexion (longueur 3 m \/ 9.8 ft) et une alimentation (longueur 2 m \/ 6.6 ft).<\/li>\n<\/ul>\n<h4><strong>LE PRODUIT N'EST PAS DISPONIBLE ?<\/strong><\/h4>\n<h4><strong> IL ARRIVE \u00c0 GRANDS PAS ! <\/strong><\/h4>\n<h4><strong>DEMANDEZ \u00c0 NOTRE PERSONNEL LA DATE DE LIVRAISON !<\/strong><\/h4>","protected":false},"featured_media":18298,"template":"","meta":{"_acf_changed":false,"_relevanssi_hide_post":"","_relevanssi_hide_content":"","_relevanssi_pin_for_all":"","_relevanssi_pin_keywords":"","_relevanssi_unpin_keywords":"","_relevanssi_related_keywords":"","_relevanssi_related_include_ids":"","_relevanssi_related_exclude_ids":"","_relevanssi_related_no_append":"","_relevanssi_related_not_related":"","_relevanssi_related_posts":"","_relevanssi_noindex_reason":""},"product_brand":[],"product_cat":[175],"product_tag":[],"class_list":{"0":"post-18301","1":"product","2":"type-product","3":"status-publish","4":"has-post-thumbnail","6":"product_cat-gruppi-di-comando-per-atomizzatore-arag","7":"sales-flash-overlay","8":"woocommerce-text-align-center","9":"woocommerce-image-align-center","10":"do-quantity-buttons","12":"first","13":"instock","14":"taxable","15":"shipping-taxable","16":"product-type-variable"},"acf":[],"_links":{"self":[{"href":"https:\/\/guaitasrl.it\/fr\/wp-json\/wp\/v2\/product\/18301","targetHints":{"allow":["GET"]}}],"collection":[{"href":"https:\/\/guaitasrl.it\/fr\/wp-json\/wp\/v2\/product"}],"about":[{"href":"https:\/\/guaitasrl.it\/fr\/wp-json\/wp\/v2\/types\/product"}],"wp:featuredmedia":[{"embeddable":true,"href":"https:\/\/guaitasrl.it\/fr\/wp-json\/wp\/v2\/media\/18298"}],"wp:attachment":[{"href":"https:\/\/guaitasrl.it\/fr\/wp-json\/wp\/v2\/media?parent=18301"}],"wp:term":[{"taxonomy":"product_brand","embeddable":true,"href":"https:\/\/guaitasrl.it\/fr\/wp-json\/wp\/v2\/product_brand?post=18301"},{"taxonomy":"product_cat","embeddable":true,"href":"https:\/\/guaitasrl.it\/fr\/wp-json\/wp\/v2\/product_cat?post=18301"},{"taxonomy":"product_tag","embeddable":true,"href":"https:\/\/guaitasrl.it\/fr\/wp-json\/wp\/v2\/product_tag?post=18301"}],"curies":[{"name":"wp","href":"https:\/\/api.w.org\/{rel}","templated":true}]}}