{"id":24021,"date":"2019-06-18T16:20:11","date_gmt":"2019-06-18T14:20:11","guid":{"rendered":"https:\/\/guaitasrl.it\/prodotto\/gruppi-di-comando-a-distanza-bassa-pressione\/"},"modified":"2026-05-06T16:41:15","modified_gmt":"2026-05-06T14:41:15","slug":"telecommandes-basse-pression","status":"publish","type":"product","link":"https:\/\/guaitasrl.it\/fr\/shop\/irrorazione-e-diserbo\/gruppi-di-comando-annovi-e-reverberi\/gruppi-di-comando-a-distanza-bassa-pressione\/","title":{"rendered":"Unit\u00e9s de commande \u00e0 distance \u00e0 basse pression"},"content":{"rendered":"","protected":false},"excerpt":{"rendered":"","protected":false},"featured_media":24018,"template":"","meta":{"_acf_changed":false,"_relevanssi_hide_post":"","_relevanssi_hide_content":"","_relevanssi_pin_for_all":"","_relevanssi_pin_keywords":"","_relevanssi_unpin_keywords":"","_relevanssi_related_keywords":"","_relevanssi_related_include_ids":"","_relevanssi_related_exclude_ids":"","_relevanssi_related_no_append":"","_relevanssi_related_not_related":"","_relevanssi_related_posts":"","_relevanssi_noindex_reason":""},"product_brand":[],"product_cat":[547],"product_tag":[],"class_list":{"0":"post-24021","1":"product","2":"type-product","3":"status-publish","4":"has-post-thumbnail","6":"product_cat-gruppi-di-comando-annovi-e-reverberi","7":"pa_bar-8666","8":"pa_lmin-7531","9":"pa_rubinetti-7703","10":"sales-flash-overlay","11":"woocommerce-text-align-center","12":"woocommerce-image-align-center","13":"do-quantity-buttons","14":"wc-has-gallery","16":"first","17":"instock","18":"taxable","19":"shipping-taxable","20":"product-type-variable","21":"has-default-attributes"},"acf":[],"_links":{"self":[{"href":"https:\/\/guaitasrl.it\/fr\/wp-json\/wp\/v2\/product\/24021","targetHints":{"allow":["GET"]}}],"collection":[{"href":"https:\/\/guaitasrl.it\/fr\/wp-json\/wp\/v2\/product"}],"about":[{"href":"https:\/\/guaitasrl.it\/fr\/wp-json\/wp\/v2\/types\/product"}],"wp:featuredmedia":[{"embeddable":true,"href":"https:\/\/guaitasrl.it\/fr\/wp-json\/wp\/v2\/media\/24018"}],"wp:attachment":[{"href":"https:\/\/guaitasrl.it\/fr\/wp-json\/wp\/v2\/media?parent=24021"}],"wp:term":[{"taxonomy":"product_brand","embeddable":true,"href":"https:\/\/guaitasrl.it\/fr\/wp-json\/wp\/v2\/product_brand?post=24021"},{"taxonomy":"product_cat","embeddable":true,"href":"https:\/\/guaitasrl.it\/fr\/wp-json\/wp\/v2\/product_cat?post=24021"},{"taxonomy":"product_tag","embeddable":true,"href":"https:\/\/guaitasrl.it\/fr\/wp-json\/wp\/v2\/product_tag?post=24021"}],"curies":[{"name":"wp","href":"https:\/\/api.w.org\/{rel}","templated":true}]}}