{"id":24257,"date":"2019-06-18T16:20:11","date_gmt":"2019-06-18T14:20:11","guid":{"rendered":"https:\/\/guaitasrl.it\/prodotto\/pompe-in-polypropilene-bassa-pressione-brevetto-bertolini\/"},"modified":"2026-01-24T20:11:13","modified_gmt":"2026-01-24T19:11:13","slug":"pompes-en-polypropylene-basse-pression-brevetees-par-bertolini","status":"publish","type":"product","link":"https:\/\/guaitasrl.it\/fr\/shop\/irrorazione-e-diserbo\/pompe-bertolini\/pompe-in-polypropilene-bassa-pressione-brevetto-bertolini\/","title":{"rendered":"Pompes \u00e0 basse pression en polypropyl\u00e8ne brevet\u00e9es par BERTOLINI"},"content":{"rendered":"","protected":false},"excerpt":{"rendered":"","protected":false},"featured_media":24245,"template":"","meta":{"_acf_changed":false,"_relevanssi_hide_post":"","_relevanssi_hide_content":"","_relevanssi_pin_for_all":"","_relevanssi_pin_keywords":"","_relevanssi_unpin_keywords":"","_relevanssi_related_keywords":"","_relevanssi_related_include_ids":"","_relevanssi_related_exclude_ids":"","_relevanssi_related_no_append":"","_relevanssi_related_not_related":"","_relevanssi_related_posts":"","_relevanssi_noindex_reason":""},"product_brand":[],"product_cat":[556],"product_tag":[],"class_list":{"0":"post-24257","1":"product","2":"type-product","3":"status-publish","4":"has-post-thumbnail","6":"product_cat-pompe-bertolini","7":"pa_membrane-7486","8":"pa_membrane-7487","9":"pa_membrane-7489","10":"pa_portata-7651","11":"pa_portata-7644","12":"pa_portata-7643","13":"pa_portata-7642","14":"pa_portata-7645","15":"pa_pressione-7694","16":"sales-flash-overlay","17":"woocommerce-text-align-center","18":"woocommerce-image-align-center","19":"do-quantity-buttons","20":"wc-has-gallery","22":"first","23":"outofstock","24":"taxable","25":"shipping-taxable","26":"product-type-variable","27":"has-default-attributes"},"acf":[],"_links":{"self":[{"href":"https:\/\/guaitasrl.it\/fr\/wp-json\/wp\/v2\/product\/24257","targetHints":{"allow":["GET"]}}],"collection":[{"href":"https:\/\/guaitasrl.it\/fr\/wp-json\/wp\/v2\/product"}],"about":[{"href":"https:\/\/guaitasrl.it\/fr\/wp-json\/wp\/v2\/types\/product"}],"wp:featuredmedia":[{"embeddable":true,"href":"https:\/\/guaitasrl.it\/fr\/wp-json\/wp\/v2\/media\/24245"}],"wp:attachment":[{"href":"https:\/\/guaitasrl.it\/fr\/wp-json\/wp\/v2\/media?parent=24257"}],"wp:term":[{"taxonomy":"product_brand","embeddable":true,"href":"https:\/\/guaitasrl.it\/fr\/wp-json\/wp\/v2\/product_brand?post=24257"},{"taxonomy":"product_cat","embeddable":true,"href":"https:\/\/guaitasrl.it\/fr\/wp-json\/wp\/v2\/product_cat?post=24257"},{"taxonomy":"product_tag","embeddable":true,"href":"https:\/\/guaitasrl.it\/fr\/wp-json\/wp\/v2\/product_tag?post=24257"}],"curies":[{"name":"wp","href":"https:\/\/api.w.org\/{rel}","templated":true}]}}