{"id":24734,"date":"2019-07-23T19:18:03","date_gmt":"2019-07-23T17:18:03","guid":{"rendered":"https:\/\/guaitasrl.it\/prodotto\/zappette-maschio-3\/"},"modified":"2026-05-06T16:43:09","modified_gmt":"2026-05-06T14:43:09","slug":"les-hommes-3","status":"publish","type":"product","link":"https:\/\/guaitasrl.it\/fr\/shop\/lavorazione-suolo-e-raccolta\/zappette-per-fresa\/zappette-maschio\/zappette-maschio-3\/","title":{"rendered":"ZAPES M\u00c2LES"},"content":{"rendered":"<p>Ces pi\u00e8ces ne sont pas des pi\u00e8ces d'origine<br \/>\nC1 - Q1 = DX\/RE\/RI<br \/>\nC2 - Q2 = SX\/LI\/LE<\/p>","protected":false},"excerpt":{"rendered":"<p>Ces pi\u00e8ces ne sont pas des pi\u00e8ces d'origine<br \/>\nC1 - Q1 = DX\/RE\/RI<br \/>\nC2 - Q2 = SX\/LI\/LE<\/p>","protected":false},"featured_media":24731,"template":"","meta":{"_acf_changed":false,"_relevanssi_hide_post":"","_relevanssi_hide_content":"","_relevanssi_pin_for_all":"","_relevanssi_pin_keywords":"","_relevanssi_unpin_keywords":"","_relevanssi_related_keywords":"","_relevanssi_related_include_ids":"","_relevanssi_related_exclude_ids":"","_relevanssi_related_no_append":"","_relevanssi_related_not_related":"","_relevanssi_related_posts":"","_relevanssi_noindex_reason":""},"product_brand":[],"product_cat":[700],"product_tag":[],"class_list":{"0":"post-24734","1":"product","2":"type-product","3":"status-publish","4":"has-post-thumbnail","6":"product_cat-zappette-maschio","7":"pa_a_b_c-190x117x20","8":"pa_curvatura-sq","9":"pa_cxd-60x6","10":"pa_gr-7586","11":"pa_lamm-7570","12":"pa_mm-7544","13":"sales-flash-overlay","14":"woocommerce-text-align-center","15":"woocommerce-image-align-center","16":"do-quantity-buttons","17":"wc-has-gallery","19":"first","20":"instock","21":"taxable","22":"shipping-taxable","23":"product-type-variable","24":"has-default-attributes"},"acf":[],"_links":{"self":[{"href":"https:\/\/guaitasrl.it\/fr\/wp-json\/wp\/v2\/product\/24734","targetHints":{"allow":["GET"]}}],"collection":[{"href":"https:\/\/guaitasrl.it\/fr\/wp-json\/wp\/v2\/product"}],"about":[{"href":"https:\/\/guaitasrl.it\/fr\/wp-json\/wp\/v2\/types\/product"}],"wp:featuredmedia":[{"embeddable":true,"href":"https:\/\/guaitasrl.it\/fr\/wp-json\/wp\/v2\/media\/24731"}],"wp:attachment":[{"href":"https:\/\/guaitasrl.it\/fr\/wp-json\/wp\/v2\/media?parent=24734"}],"wp:term":[{"taxonomy":"product_brand","embeddable":true,"href":"https:\/\/guaitasrl.it\/fr\/wp-json\/wp\/v2\/product_brand?post=24734"},{"taxonomy":"product_cat","embeddable":true,"href":"https:\/\/guaitasrl.it\/fr\/wp-json\/wp\/v2\/product_cat?post=24734"},{"taxonomy":"product_tag","embeddable":true,"href":"https:\/\/guaitasrl.it\/fr\/wp-json\/wp\/v2\/product_tag?post=24734"}],"curies":[{"name":"wp","href":"https:\/\/api.w.org\/{rel}","templated":true}]}}