{"id":24746,"date":"2019-07-23T19:18:03","date_gmt":"2019-07-23T17:18:03","guid":{"rendered":"https:\/\/guaitasrl.it\/prodotto\/denti-per-erpice-alpego-100-x-12\/"},"modified":"2026-01-24T20:11:14","modified_gmt":"2026-01-24T19:11:14","slug":"dents-pour-herse-alpego-100-x-12","status":"publish","type":"product","link":"https:\/\/guaitasrl.it\/fr\/shop\/lavorazione-suolo-e-raccolta\/denti-da-erpice\/alpego-denti-da-erpice\/denti-per-erpice-alpego-100-x-12\/","title":{"rendered":"Dents pour herse rotative ALPEGO 100\u00d712"},"content":{"rendered":"<p>Ces pi\u00e8ces ne sont pas des pi\u00e8ces d'origine<\/p>","protected":false},"excerpt":{"rendered":"<p><strong>CES D\u00c9TAILS NE SONT PAS DES PI\u00c8CES D'ORIGINE\u00a0<\/strong><\/p>","protected":false},"featured_media":24743,"template":"","meta":{"_acf_changed":false,"_relevanssi_hide_post":"","_relevanssi_hide_content":"","_relevanssi_pin_for_all":"","_relevanssi_pin_keywords":"","_relevanssi_unpin_keywords":"","_relevanssi_related_keywords":"","_relevanssi_related_include_ids":"","_relevanssi_related_exclude_ids":"","_relevanssi_related_no_append":"","_relevanssi_related_not_related":"","_relevanssi_related_posts":"","_relevanssi_noindex_reason":""},"product_brand":[],"product_cat":[28356],"product_tag":[],"class_list":{"0":"post-24746","1":"product","2":"type-product","3":"status-publish","4":"has-post-thumbnail","6":"product_cat-alpego-denti-da-erpice","7":"pa_marca-alpego","8":"sales-flash-overlay","9":"woocommerce-text-align-center","10":"woocommerce-image-align-center","11":"do-quantity-buttons","12":"wc-has-gallery","14":"first","15":"outofstock","16":"taxable","17":"shipping-taxable","18":"product-type-variable","19":"has-default-attributes"},"acf":[],"_links":{"self":[{"href":"https:\/\/guaitasrl.it\/fr\/wp-json\/wp\/v2\/product\/24746","targetHints":{"allow":["GET"]}}],"collection":[{"href":"https:\/\/guaitasrl.it\/fr\/wp-json\/wp\/v2\/product"}],"about":[{"href":"https:\/\/guaitasrl.it\/fr\/wp-json\/wp\/v2\/types\/product"}],"wp:featuredmedia":[{"embeddable":true,"href":"https:\/\/guaitasrl.it\/fr\/wp-json\/wp\/v2\/media\/24743"}],"wp:attachment":[{"href":"https:\/\/guaitasrl.it\/fr\/wp-json\/wp\/v2\/media?parent=24746"}],"wp:term":[{"taxonomy":"product_brand","embeddable":true,"href":"https:\/\/guaitasrl.it\/fr\/wp-json\/wp\/v2\/product_brand?post=24746"},{"taxonomy":"product_cat","embeddable":true,"href":"https:\/\/guaitasrl.it\/fr\/wp-json\/wp\/v2\/product_cat?post=24746"},{"taxonomy":"product_tag","embeddable":true,"href":"https:\/\/guaitasrl.it\/fr\/wp-json\/wp\/v2\/product_tag?post=24746"}],"curies":[{"name":"wp","href":"https:\/\/api.w.org\/{rel}","templated":true}]}}