{"id":25175,"date":"2019-07-23T19:18:04","date_gmt":"2019-07-23T17:18:04","guid":{"rendered":"https:\/\/guaitasrl.it\/prodotto\/denti-per-erpice-kuhn-110-x-16\/"},"modified":"2026-02-04T10:39:12","modified_gmt":"2026-02-04T09:39:12","slug":"dents-pour-herse-kuhn-110-x-16","status":"publish","type":"product","link":"https:\/\/guaitasrl.it\/fr\/shop\/lavorazione-suolo-e-raccolta\/denti-da-erpice\/kuhn-remac\/denti-per-erpice-kuhn-110-x-16\/","title":{"rendered":"Herse rotative KUHN dents 110\u00d716"},"content":{"rendered":"<p>Ces pi\u00e8ces ne sont pas des pi\u00e8ces d'origine<\/p>","protected":false},"excerpt":{"rendered":"<p><strong>CES D\u00c9TAILS NE SONT PAS DES PI\u00c8CES D'ORIGINE\u00a0<\/strong><\/p>","protected":false},"featured_media":25172,"template":"","meta":{"_acf_changed":false,"_relevanssi_hide_post":"","_relevanssi_hide_content":"","_relevanssi_pin_for_all":"","_relevanssi_pin_keywords":"","_relevanssi_unpin_keywords":"","_relevanssi_related_keywords":"","_relevanssi_related_include_ids":"","_relevanssi_related_exclude_ids":"","_relevanssi_related_no_append":"","_relevanssi_related_not_related":"","_relevanssi_related_posts":"","_relevanssi_noindex_reason":""},"product_brand":[],"product_cat":[28167,28352],"product_tag":[],"class_list":{"0":"post-25175","1":"product","2":"type-product","3":"status-publish","4":"has-post-thumbnail","6":"product_cat-denti-da-erpice","7":"product_cat-kuhn-remac","8":"pa_marca-kuhn_remac","9":"sales-flash-overlay","10":"woocommerce-text-align-center","11":"woocommerce-image-align-center","12":"do-quantity-buttons","13":"wc-has-gallery","15":"first","16":"outofstock","17":"taxable","18":"shipping-taxable","19":"product-type-variable","20":"has-default-attributes"},"acf":[],"_links":{"self":[{"href":"https:\/\/guaitasrl.it\/fr\/wp-json\/wp\/v2\/product\/25175","targetHints":{"allow":["GET"]}}],"collection":[{"href":"https:\/\/guaitasrl.it\/fr\/wp-json\/wp\/v2\/product"}],"about":[{"href":"https:\/\/guaitasrl.it\/fr\/wp-json\/wp\/v2\/types\/product"}],"wp:featuredmedia":[{"embeddable":true,"href":"https:\/\/guaitasrl.it\/fr\/wp-json\/wp\/v2\/media\/25172"}],"wp:attachment":[{"href":"https:\/\/guaitasrl.it\/fr\/wp-json\/wp\/v2\/media?parent=25175"}],"wp:term":[{"taxonomy":"product_brand","embeddable":true,"href":"https:\/\/guaitasrl.it\/fr\/wp-json\/wp\/v2\/product_brand?post=25175"},{"taxonomy":"product_cat","embeddable":true,"href":"https:\/\/guaitasrl.it\/fr\/wp-json\/wp\/v2\/product_cat?post=25175"},{"taxonomy":"product_tag","embeddable":true,"href":"https:\/\/guaitasrl.it\/fr\/wp-json\/wp\/v2\/product_tag?post=25175"}],"curies":[{"name":"wp","href":"https:\/\/api.w.org\/{rel}","templated":true}]}}