{"id":27393,"date":"2019-07-24T17:01:40","date_gmt":"2019-07-24T15:01:40","guid":{"rendered":"https:\/\/guaitasrl.it\/prodotto\/coltelli-per-trincia-maschio-trincia\/"},"modified":"2026-02-04T10:43:06","modified_gmt":"2026-02-04T09:43:06","slug":"couteaux-pour-faucheuses-a-fleaux-males","status":"publish","type":"product","link":"https:\/\/guaitasrl.it\/fr\/shop\/lavorazione-suolo-e-raccolta\/coltelli-per-trincia\/coltelli-per-trincia-maschio-trincia\/","title":{"rendered":"HOMME - D\u00e9chiqueteur"},"content":{"rendered":"<p>CES D\u00c9TAILS NE SONT PAS DES PI\u00c8CES D'ORIGINE<\/p>","protected":false},"excerpt":{"rendered":"<p><strong>CES D\u00c9TAILS NE SONT PAS DES PI\u00c8CES D'ORIGINE\u00a0<\/strong><\/p>","protected":false},"featured_media":27390,"template":"","meta":{"_acf_changed":false,"_relevanssi_hide_post":"","_relevanssi_hide_content":"","_relevanssi_pin_for_all":"","_relevanssi_pin_keywords":"","_relevanssi_unpin_keywords":"","_relevanssi_related_keywords":"","_relevanssi_related_include_ids":"","_relevanssi_related_exclude_ids":"","_relevanssi_related_no_append":"","_relevanssi_related_not_related":"","_relevanssi_related_posts":"","_relevanssi_noindex_reason":""},"product_brand":[],"product_cat":[316],"product_tag":[],"class_list":{"0":"post-27393","1":"product","2":"type-product","3":"status-publish","4":"has-post-thumbnail","6":"product_cat-coltelli-per-trincia","7":"pa_a_b-124x65","8":"pa_cxd-60x10","9":"pa_d-9913","10":"sales-flash-overlay","11":"woocommerce-text-align-center","12":"woocommerce-image-align-center","13":"do-quantity-buttons","14":"wc-has-gallery","16":"first","17":"outofstock","18":"taxable","19":"shipping-taxable","20":"product-type-variable","21":"has-default-attributes"},"acf":[],"_links":{"self":[{"href":"https:\/\/guaitasrl.it\/fr\/wp-json\/wp\/v2\/product\/27393","targetHints":{"allow":["GET"]}}],"collection":[{"href":"https:\/\/guaitasrl.it\/fr\/wp-json\/wp\/v2\/product"}],"about":[{"href":"https:\/\/guaitasrl.it\/fr\/wp-json\/wp\/v2\/types\/product"}],"wp:featuredmedia":[{"embeddable":true,"href":"https:\/\/guaitasrl.it\/fr\/wp-json\/wp\/v2\/media\/27390"}],"wp:attachment":[{"href":"https:\/\/guaitasrl.it\/fr\/wp-json\/wp\/v2\/media?parent=27393"}],"wp:term":[{"taxonomy":"product_brand","embeddable":true,"href":"https:\/\/guaitasrl.it\/fr\/wp-json\/wp\/v2\/product_brand?post=27393"},{"taxonomy":"product_cat","embeddable":true,"href":"https:\/\/guaitasrl.it\/fr\/wp-json\/wp\/v2\/product_cat?post=27393"},{"taxonomy":"product_tag","embeddable":true,"href":"https:\/\/guaitasrl.it\/fr\/wp-json\/wp\/v2\/product_tag?post=27393"}],"curies":[{"name":"wp","href":"https:\/\/api.w.org\/{rel}","templated":true}]}}