{"id":33330,"date":"2024-01-19T15:08:36","date_gmt":"2024-01-19T14:08:36","guid":{"rendered":"https:\/\/guaitasrl.it\/?post_type=product&#038;p=33330"},"modified":"2026-04-17T12:42:29","modified_gmt":"2026-04-17T10:42:29","slug":"bras-superieur-hydraulique-avec-attache-rapide-et-reglage-mecanique","status":"publish","type":"product","link":"https:\/\/guaitasrl.it\/fr\/shop\/accessori-trattori\/terzo-punto-idraulico\/terzo-punto-idraulico-con-gancio-rapido-rotula-e-regolazione-meccanica\/","title":{"rendered":"BRAS SUP\u00c9RIEUR HYDRAULIQUE AVEC CROCHET \u00c0 D\u00c9GAGEMENT RAPIDE, ROTULE ET R\u00c9GLAGE M\u00c9CANIQUE"},"content":{"rendered":"","protected":false},"excerpt":{"rendered":"<p>AVEC R\u00c9GLAGE M\u00c9CANIQUE<\/p>\n<p><strong>LE PRODUIT N'EST PAS DISPONIBLE ? IL EST S\u00dbREMENT EN COURS D'ACHEMINEMENT ! DEMANDEZ \u00c0 NOTRE PERSONNEL LA DATE DE LIVRAISON !<\/strong><\/p>","protected":false},"featured_media":37662,"template":"","meta":{"_acf_changed":false,"_relevanssi_hide_post":"","_relevanssi_hide_content":"","_relevanssi_pin_for_all":"","_relevanssi_pin_keywords":"","_relevanssi_unpin_keywords":"","_relevanssi_related_keywords":"","_relevanssi_related_include_ids":"","_relevanssi_related_exclude_ids":"","_relevanssi_related_no_append":"","_relevanssi_related_not_related":"","_relevanssi_related_posts":"","_relevanssi_noindex_reason":""},"product_brand":[],"product_cat":[91],"product_tag":[],"class_list":{"0":"post-33330","1":"product","2":"type-product","3":"status-publish","4":"has-post-thumbnail","6":"product_cat-terzo-punto-idraulico","7":"pa_categoria-3_3","8":"pa_corsa-6688","9":"pa_corsa-6714","10":"pa_corsa-6696","11":"pa_dstelo-10476","12":"pa_dtubo-10471","13":"pa_lmin_max-660-870","14":"pa_lmin_max-690-930","15":"pa_lmin_max-730-1010","16":"pa_trazione-6-92-t","17":"sales-flash-overlay","18":"woocommerce-text-align-center","19":"woocommerce-image-align-center","20":"do-quantity-buttons","22":"first","23":"instock","24":"taxable","25":"shipping-taxable","26":"product-type-variable"},"acf":[],"_links":{"self":[{"href":"https:\/\/guaitasrl.it\/fr\/wp-json\/wp\/v2\/product\/33330","targetHints":{"allow":["GET"]}}],"collection":[{"href":"https:\/\/guaitasrl.it\/fr\/wp-json\/wp\/v2\/product"}],"about":[{"href":"https:\/\/guaitasrl.it\/fr\/wp-json\/wp\/v2\/types\/product"}],"wp:featuredmedia":[{"embeddable":true,"href":"https:\/\/guaitasrl.it\/fr\/wp-json\/wp\/v2\/media\/37662"}],"wp:attachment":[{"href":"https:\/\/guaitasrl.it\/fr\/wp-json\/wp\/v2\/media?parent=33330"}],"wp:term":[{"taxonomy":"product_brand","embeddable":true,"href":"https:\/\/guaitasrl.it\/fr\/wp-json\/wp\/v2\/product_brand?post=33330"},{"taxonomy":"product_cat","embeddable":true,"href":"https:\/\/guaitasrl.it\/fr\/wp-json\/wp\/v2\/product_cat?post=33330"},{"taxonomy":"product_tag","embeddable":true,"href":"https:\/\/guaitasrl.it\/fr\/wp-json\/wp\/v2\/product_tag?post=33330"}],"curies":[{"name":"wp","href":"https:\/\/api.w.org\/{rel}","templated":true}]}}