{"id":33346,"date":"2024-01-19T17:15:23","date_gmt":"2024-01-19T16:15:23","guid":{"rendered":"https:\/\/guaitasrl.it\/?post_type=product&#038;p=33346"},"modified":"2026-04-17T12:41:11","modified_gmt":"2026-04-17T10:41:11","slug":"bras-superieur-hydraulique-avec-reglage-mecanique","status":"publish","type":"product","link":"https:\/\/guaitasrl.it\/fr\/shop\/accessori-trattori\/terzo-punto-idraulico\/terzo-punto-idraulico-con-regolazione-meccanica\/","title":{"rendered":"BRAS SUP\u00c9RIEUR HYDRAULIQUE AVEC R\u00c9GLAGE M\u00c9CANIQUE"},"content":{"rendered":"","protected":false},"excerpt":{"rendered":"<p>AVEC R\u00c9GLAGE M\u00c9CANIQUE<\/p>\n<p><strong>LE PRODUIT N'EST PAS DISPONIBLE ? IL EST S\u00dbREMENT EN COURS D'ACHEMINEMENT ! DEMANDEZ \u00c0 NOTRE PERSONNEL LA DATE DE LIVRAISON !<\/strong><\/p>","protected":false},"featured_media":37670,"template":"","meta":{"_acf_changed":false,"_relevanssi_hide_post":"","_relevanssi_hide_content":"","_relevanssi_pin_for_all":"","_relevanssi_pin_keywords":"","_relevanssi_unpin_keywords":"","_relevanssi_related_keywords":"","_relevanssi_related_include_ids":"","_relevanssi_related_exclude_ids":"","_relevanssi_related_no_append":"","_relevanssi_related_not_related":"","_relevanssi_related_posts":"","_relevanssi_noindex_reason":""},"product_brand":[],"product_cat":[91],"product_tag":[],"class_list":{"0":"post-33346","1":"product","2":"type-product","3":"status-publish","4":"has-post-thumbnail","6":"product_cat-terzo-punto-idraulico","7":"pa_categoria-2_2","8":"pa_corsa-10662","9":"pa_corsa-6688","10":"pa_corsa-6714","11":"pa_corsa-6696","12":"pa_dstelo-10475","13":"pa_dtubo-10470","14":"pa_lmin_max-510_670","15":"pa_lmin_max-560_770","16":"pa_lmin_max-590_830","17":"pa_lmin_max-630-910","18":"pa_trazione-3-96-t","19":"sales-flash-overlay","20":"woocommerce-text-align-center","21":"woocommerce-image-align-center","22":"do-quantity-buttons","24":"first","25":"outofstock","26":"taxable","27":"shipping-taxable","28":"product-type-variable"},"acf":[],"_links":{"self":[{"href":"https:\/\/guaitasrl.it\/fr\/wp-json\/wp\/v2\/product\/33346","targetHints":{"allow":["GET"]}}],"collection":[{"href":"https:\/\/guaitasrl.it\/fr\/wp-json\/wp\/v2\/product"}],"about":[{"href":"https:\/\/guaitasrl.it\/fr\/wp-json\/wp\/v2\/types\/product"}],"wp:featuredmedia":[{"embeddable":true,"href":"https:\/\/guaitasrl.it\/fr\/wp-json\/wp\/v2\/media\/37670"}],"wp:attachment":[{"href":"https:\/\/guaitasrl.it\/fr\/wp-json\/wp\/v2\/media?parent=33346"}],"wp:term":[{"taxonomy":"product_brand","embeddable":true,"href":"https:\/\/guaitasrl.it\/fr\/wp-json\/wp\/v2\/product_brand?post=33346"},{"taxonomy":"product_cat","embeddable":true,"href":"https:\/\/guaitasrl.it\/fr\/wp-json\/wp\/v2\/product_cat?post=33346"},{"taxonomy":"product_tag","embeddable":true,"href":"https:\/\/guaitasrl.it\/fr\/wp-json\/wp\/v2\/product_tag?post=33346"}],"curies":[{"name":"wp","href":"https:\/\/api.w.org\/{rel}","templated":true}]}}