{"id":34209,"date":"2024-01-31T10:40:57","date_gmt":"2024-01-31T09:40:57","guid":{"rendered":"https:\/\/guaitasrl.it\/?post_type=product&#038;p=34209"},"modified":"2026-04-17T12:31:18","modified_gmt":"2026-04-17T10:31:18","slug":"feu-a-leds-avec-avertisseur-sonore-pour-chariots-elevateurs-a-fourche","status":"publish","type":"product","link":"https:\/\/guaitasrl.it\/fr\/shop\/materiale-elettrico-e-fanaleria\/girofari-al-led\/girofaro-al-led-con-avvisatore-acustico-per-muletti\/","title":{"rendered":"FEU \u00c0 LEDS AVEC AVERTISSEUR SONORE POUR CHARIOTS \u00c9L\u00c9VATEURS \u00c0 FOURCHE"},"content":{"rendered":"","protected":false},"excerpt":{"rendered":"<h4><strong>LE PRODUIT N'EST PAS DISPONIBLE ? IL EST S\u00dbREMENT EN COURS D'ACHEMINEMENT ! DEMANDEZ \u00c0 NOTRE PERSONNEL LA DATE DE LIVRAISON !<\/strong><\/h4>","protected":false},"featured_media":34210,"template":"","meta":{"_acf_changed":false,"_relevanssi_hide_post":"","_relevanssi_hide_content":"","_relevanssi_pin_for_all":"","_relevanssi_pin_keywords":"","_relevanssi_unpin_keywords":"","_relevanssi_related_keywords":"","_relevanssi_related_include_ids":"","_relevanssi_related_exclude_ids":"","_relevanssi_related_no_append":"","_relevanssi_related_not_related":"","_relevanssi_related_posts":"","_relevanssi_noindex_reason":""},"product_brand":[],"product_cat":[238],"product_tag":[],"class_list":{"0":"post-34209","1":"product","2":"type-product","3":"status-publish","4":"has-post-thumbnail","6":"product_cat-girofari-al-led","7":"pa_tipo-12-24-v-45-led-3-funzioni","8":"sales-flash-overlay","9":"woocommerce-text-align-center","10":"woocommerce-image-align-center","11":"do-quantity-buttons","13":"first","14":"instock","15":"taxable","16":"shipping-taxable","17":"product-type-variable"},"acf":[],"_links":{"self":[{"href":"https:\/\/guaitasrl.it\/fr\/wp-json\/wp\/v2\/product\/34209","targetHints":{"allow":["GET"]}}],"collection":[{"href":"https:\/\/guaitasrl.it\/fr\/wp-json\/wp\/v2\/product"}],"about":[{"href":"https:\/\/guaitasrl.it\/fr\/wp-json\/wp\/v2\/types\/product"}],"wp:featuredmedia":[{"embeddable":true,"href":"https:\/\/guaitasrl.it\/fr\/wp-json\/wp\/v2\/media\/34210"}],"wp:attachment":[{"href":"https:\/\/guaitasrl.it\/fr\/wp-json\/wp\/v2\/media?parent=34209"}],"wp:term":[{"taxonomy":"product_brand","embeddable":true,"href":"https:\/\/guaitasrl.it\/fr\/wp-json\/wp\/v2\/product_brand?post=34209"},{"taxonomy":"product_cat","embeddable":true,"href":"https:\/\/guaitasrl.it\/fr\/wp-json\/wp\/v2\/product_cat?post=34209"},{"taxonomy":"product_tag","embeddable":true,"href":"https:\/\/guaitasrl.it\/fr\/wp-json\/wp\/v2\/product_tag?post=34209"}],"curies":[{"name":"wp","href":"https:\/\/api.w.org\/{rel}","templated":true}]}}