{"id":34241,"date":"2024-01-31T14:36:20","date_gmt":"2024-01-31T13:36:20","guid":{"rendered":"https:\/\/guaitasrl.it\/?post_type=product&#038;p=34241"},"modified":"2026-04-17T12:17:15","modified_gmt":"2026-04-17T10:17:15","slug":"electrovanne-863-avec-retour-calibre-2","status":"publish","type":"product","link":"https:\/\/guaitasrl.it\/fr\/shop\/irrorazione-e-diserbo\/elettrovalvole-arag\/elettrovalvola-863-con-ritorno-calibrato-2\/","title":{"rendered":"\u00c9LECTROVANNE 863 AVEC RETOUR CALIBR\u00c9"},"content":{"rendered":"","protected":false},"excerpt":{"rendered":"<div class=\"title first-title\">CARACT\u00c9RISTIQUES G\u00c9N\u00c9RALES<\/div>\n<ul class=\"features-list\">\n<li>\u00a0Structure en nylon renforc\u00e9 de fibres de verre<\/li>\n<li>Pi\u00e8ces internes en Delrin\u00ae et acier inoxydable AISI 303<\/li>\n<li>Joints Viton<\/li>\n<li>Fusible interne r\u00e9armable (en coupant l'alimentation pendant 20 secondes)<\/li>\n<li>Convient pour la connexion \u00e0 des collecteurs \u00e0 retour \u00e9quilibr\u00e9 (Code 8630011 uniquement)<\/li>\n<\/ul>\n<p>Code 8630011<\/p>\n<p>OUT 10-13-16 mm<br \/>\n19-25 mm \/ 3\/8\u2033-1\/2\u2033-5\/8\u2033<br \/>\n3\/4\u2033-1\u2033<\/p>\n<p>On \/ Off @ 90\u00b00,6 sec.<\/p>\n<p>Pression MAX 10 \/ 20 bar<\/p>\n<p>Type BY-PASS<\/p>\n<p>Consommation \u00e9lectrique @ 12 V0,5 A<\/p>\n<p>Tension d'alimentation 12 Vdc<\/p>","protected":false},"featured_media":34242,"template":"","meta":{"_acf_changed":false,"_relevanssi_hide_post":"","_relevanssi_hide_content":"","_relevanssi_pin_for_all":"","_relevanssi_pin_keywords":"","_relevanssi_unpin_keywords":"","_relevanssi_related_keywords":"","_relevanssi_related_include_ids":"","_relevanssi_related_exclude_ids":"","_relevanssi_related_no_append":"","_relevanssi_related_not_related":"","_relevanssi_related_posts":"","_relevanssi_noindex_reason":""},"product_brand":[],"product_cat":[106],"product_tag":[],"class_list":{"0":"post-34241","1":"product","2":"type-product","3":"status-publish","4":"has-post-thumbnail","6":"product_cat-elettrovalvole-arag","7":"pa_bar-8669","8":"pa_lmin-27882","9":"sales-flash-overlay","10":"woocommerce-text-align-center","11":"woocommerce-image-align-center","12":"do-quantity-buttons","14":"first","15":"instock","16":"taxable","17":"shipping-taxable","18":"product-type-variable"},"acf":[],"_links":{"self":[{"href":"https:\/\/guaitasrl.it\/fr\/wp-json\/wp\/v2\/product\/34241","targetHints":{"allow":["GET"]}}],"collection":[{"href":"https:\/\/guaitasrl.it\/fr\/wp-json\/wp\/v2\/product"}],"about":[{"href":"https:\/\/guaitasrl.it\/fr\/wp-json\/wp\/v2\/types\/product"}],"wp:featuredmedia":[{"embeddable":true,"href":"https:\/\/guaitasrl.it\/fr\/wp-json\/wp\/v2\/media\/34242"}],"wp:attachment":[{"href":"https:\/\/guaitasrl.it\/fr\/wp-json\/wp\/v2\/media?parent=34241"}],"wp:term":[{"taxonomy":"product_brand","embeddable":true,"href":"https:\/\/guaitasrl.it\/fr\/wp-json\/wp\/v2\/product_brand?post=34241"},{"taxonomy":"product_cat","embeddable":true,"href":"https:\/\/guaitasrl.it\/fr\/wp-json\/wp\/v2\/product_cat?post=34241"},{"taxonomy":"product_tag","embeddable":true,"href":"https:\/\/guaitasrl.it\/fr\/wp-json\/wp\/v2\/product_tag?post=34241"}],"curies":[{"name":"wp","href":"https:\/\/api.w.org\/{rel}","templated":true}]}}