{"id":34254,"date":"2024-01-31T15:46:25","date_gmt":"2024-01-31T14:46:25","guid":{"rendered":"https:\/\/guaitasrl.it\/?post_type=product&#038;p=34254"},"modified":"2026-04-17T12:17:16","modified_gmt":"2026-04-17T10:17:16","slug":"electrovanne-proportionnelle-873","status":"publish","type":"product","link":"https:\/\/guaitasrl.it\/fr\/shop\/irrorazione-e-diserbo\/elettrovalvole-arag\/elettrovalvola-proporzionale-873\/","title":{"rendered":"\u00c9LECTROVANNE PROPORTIONNELLE 873"},"content":{"rendered":"","protected":false},"excerpt":{"rendered":"<div class=\"title first-title\">CARACT\u00c9RISTIQUES G\u00c9N\u00c9RALES<\/div>\n<ul class=\"features-list\">\n<li>R\u00e9gule le d\u00e9bit dans les unit\u00e9s de distribution en effectuant un traitement proportionnel au nombre de tours du moteur (DPM)<\/li>\n<li>Structure en nylon renforc\u00e9<\/li>\n<li>Pi\u00e8ces internes en acier inoxydable AISI 303<\/li>\n<li>Joints Viton<\/li>\n<li>Fusible interne r\u00e9armable (en coupant l'alimentation pendant 20 secondes)<\/li>\n<li>D\u00e9bit 240 l\/min (Code 8720020)<\/li>\n<li>D\u00e9bit 190 l\/min (Code 8720022)<\/li>\n<li>Porte-tuyaux inclus : 30 mm ;<\/li>\n<li>Les dimensions des raccords cannel\u00e9s disponibles doivent \u00eatre command\u00e9es en fonction du d\u00e9bit souhait\u00e9 (voir diagramme) :<\/li>\n<\/ul>\n<p>&nbsp;<\/p>\n<p>Code8730020<\/p>\n<p>\u00d8 1 25 - 30 - 32<\/p>\n<p>On \/ Off @ 90\u00b014 sec.<\/p>\n<p>D\u00e9bit 240 l\/min<\/p>\n<p>Pression MAXI 20 bar<\/p>\n<p>Consommation \u00e9lectrique @ 12 V0,5 A<\/p>\n<p>Tension d'alimentation12 Vdc<\/p>","protected":false},"featured_media":34255,"template":"","meta":{"_acf_changed":false,"_relevanssi_hide_post":"","_relevanssi_hide_content":"","_relevanssi_pin_for_all":"","_relevanssi_pin_keywords":"","_relevanssi_unpin_keywords":"","_relevanssi_related_keywords":"","_relevanssi_related_include_ids":"","_relevanssi_related_exclude_ids":"","_relevanssi_related_no_append":"","_relevanssi_related_not_related":"","_relevanssi_related_posts":"","_relevanssi_noindex_reason":""},"product_brand":[],"product_cat":[106],"product_tag":[],"class_list":{"0":"post-34254","1":"product","2":"type-product","3":"status-publish","4":"has-post-thumbnail","6":"product_cat-elettrovalvole-arag","7":"pa_bar-8666","8":"pa_lmin-27883","9":"sales-flash-overlay","10":"woocommerce-text-align-center","11":"woocommerce-image-align-center","12":"do-quantity-buttons","14":"first","15":"instock","16":"taxable","17":"shipping-taxable","18":"product-type-variable"},"acf":[],"_links":{"self":[{"href":"https:\/\/guaitasrl.it\/fr\/wp-json\/wp\/v2\/product\/34254","targetHints":{"allow":["GET"]}}],"collection":[{"href":"https:\/\/guaitasrl.it\/fr\/wp-json\/wp\/v2\/product"}],"about":[{"href":"https:\/\/guaitasrl.it\/fr\/wp-json\/wp\/v2\/types\/product"}],"wp:featuredmedia":[{"embeddable":true,"href":"https:\/\/guaitasrl.it\/fr\/wp-json\/wp\/v2\/media\/34255"}],"wp:attachment":[{"href":"https:\/\/guaitasrl.it\/fr\/wp-json\/wp\/v2\/media?parent=34254"}],"wp:term":[{"taxonomy":"product_brand","embeddable":true,"href":"https:\/\/guaitasrl.it\/fr\/wp-json\/wp\/v2\/product_brand?post=34254"},{"taxonomy":"product_cat","embeddable":true,"href":"https:\/\/guaitasrl.it\/fr\/wp-json\/wp\/v2\/product_cat?post=34254"},{"taxonomy":"product_tag","embeddable":true,"href":"https:\/\/guaitasrl.it\/fr\/wp-json\/wp\/v2\/product_tag?post=34254"}],"curies":[{"name":"wp","href":"https:\/\/api.w.org\/{rel}","templated":true}]}}