{"id":34266,"date":"2024-01-31T16:31:43","date_gmt":"2024-01-31T15:31:43","guid":{"rendered":"https:\/\/guaitasrl.it\/?post_type=product&#038;p=34266"},"modified":"2026-04-17T12:17:14","modified_gmt":"2026-04-17T10:17:14","slug":"debitmetre-loup-2","status":"publish","type":"product","link":"https:\/\/guaitasrl.it\/fr\/shop\/irrorazione-e-diserbo\/elettrovalvole-arag\/flussometro-wolf-2\/","title":{"rendered":"D\u00c9BITM\u00c8TRE WOLF"},"content":{"rendered":"","protected":false},"excerpt":{"rendered":"<div class=\"title first-title\">CARACT\u00c9RISTIQUES G\u00c9N\u00c9RALES<\/div>\n<div class=\"description\">Caract\u00e9ristiques<\/div>\n<ul class=\"features-list\">\n<li>Capteur \u00e9lectronique enti\u00e8rement scell\u00e9<\/li>\n<li>Pi\u00e8ces en contact avec le fluide en nylon renforc\u00e9 de fibres de verre et Delrin\u00ae.<\/li>\n<li>Indicateur de fonctionnement LED<\/li>\n<\/ul>\n<div class=\"title\">CARACT\u00c9RISTIQUES TECHNIQUES<\/div>\n<div class=\"description\">Avantages<\/div>\n<ul class=\"features-list\">\n<li>Haute pr\u00e9cision et excellent rapport qualit\u00e9\/prix<\/li>\n<li>Versions avec connecteurs \u00e0 fourche permettant de configurer les connexions comme on le souhaite<\/li>\n<li>Versions pour int\u00e9gration dans des unit\u00e9s de contr\u00f4le et avec des brides en laiton pour les hautes pressions<\/li>\n<\/ul>\n<table>\n<tbody>\n<tr>\n<td class=\"label\">Code<\/td>\n<td class=\"value\">4626315<\/td>\n<\/tr>\n<tr>\n<td class=\"label\">Att. fourche (T)<\/td>\n<td class=\"value\">T5 F\/M<\/td>\n<\/tr>\n<tr>\n<td class=\"label\">Champ d'application<\/td>\n<td class=\"value\">5 \u00f7 100 l\/min<\/td>\n<\/tr>\n<tr>\n<td class=\"label\">Pression MAX<\/td>\n<td class=\"value\">Max. 20 bar<\/td>\n<\/tr>\n<tr class=\"last-row\">\n<td class=\"label\">Perte de charge<\/td>\n<td class=\"value\">1,5 bar<\/td>\n<\/tr>\n<\/tbody>\n<\/table>","protected":false},"featured_media":34267,"template":"","meta":{"_acf_changed":false,"_relevanssi_hide_post":"","_relevanssi_hide_content":"","_relevanssi_pin_for_all":"","_relevanssi_pin_keywords":"","_relevanssi_unpin_keywords":"","_relevanssi_related_keywords":"","_relevanssi_related_include_ids":"","_relevanssi_related_exclude_ids":"","_relevanssi_related_no_append":"","_relevanssi_related_not_related":"","_relevanssi_related_posts":"","_relevanssi_noindex_reason":""},"product_brand":[],"product_cat":[106],"product_tag":[],"class_list":{"0":"post-34266","1":"product","2":"type-product","3":"status-publish","4":"has-post-thumbnail","6":"product_cat-elettrovalvole-arag","7":"pa_bar-8666","8":"pa_lmin-10-200","9":"pa_lmin-5-100","10":"sales-flash-overlay","11":"woocommerce-text-align-center","12":"woocommerce-image-align-center","13":"do-quantity-buttons","14":"wc-has-gallery","16":"first","17":"instock","18":"taxable","19":"shipping-taxable","20":"product-type-variable"},"acf":[],"_links":{"self":[{"href":"https:\/\/guaitasrl.it\/fr\/wp-json\/wp\/v2\/product\/34266","targetHints":{"allow":["GET"]}}],"collection":[{"href":"https:\/\/guaitasrl.it\/fr\/wp-json\/wp\/v2\/product"}],"about":[{"href":"https:\/\/guaitasrl.it\/fr\/wp-json\/wp\/v2\/types\/product"}],"wp:featuredmedia":[{"embeddable":true,"href":"https:\/\/guaitasrl.it\/fr\/wp-json\/wp\/v2\/media\/34267"}],"wp:attachment":[{"href":"https:\/\/guaitasrl.it\/fr\/wp-json\/wp\/v2\/media?parent=34266"}],"wp:term":[{"taxonomy":"product_brand","embeddable":true,"href":"https:\/\/guaitasrl.it\/fr\/wp-json\/wp\/v2\/product_brand?post=34266"},{"taxonomy":"product_cat","embeddable":true,"href":"https:\/\/guaitasrl.it\/fr\/wp-json\/wp\/v2\/product_cat?post=34266"},{"taxonomy":"product_tag","embeddable":true,"href":"https:\/\/guaitasrl.it\/fr\/wp-json\/wp\/v2\/product_tag?post=34266"}],"curies":[{"name":"wp","href":"https:\/\/api.w.org\/{rel}","templated":true}]}}