{"id":3601,"date":"2018-12-13T13:49:03","date_gmt":"2018-12-13T12:49:03","guid":{"rendered":"https:\/\/guaitasrl.it\/prodotto\/perni-con-catena\/"},"modified":"2026-05-06T16:51:17","modified_gmt":"2026-05-06T14:51:17","slug":"epingles-avec-chaine","status":"publish","type":"product","link":"https:\/\/guaitasrl.it\/fr\/shop\/accessori-trattori\/perni-superiori-ed-inferiori\/perni-con-catena\/","title":{"rendered":"\u00c9pingles avec cha\u00eene"},"content":{"rendered":"","protected":false},"excerpt":{"rendered":"<p><strong>PIN NOIRE<\/strong>Goupille galvanis\u00e9e noire anticorrosion d\u00e9pos\u00e9e par \u00e9lectrolyse (anodisation) en acier C40, \u00e9paisseur de galvanisation de 20 microns (couche renforc\u00e9e) et r\u00e9sistance au brouillard salin de 768 heures. La dur\u00e9e de vie moyenne de la goupille est de 7 \u00e0 10 fois sup\u00e9rieure \u00e0 celle de la goupille galvanis\u00e9e blanche classique. Cette goupille est adapt\u00e9e aux travaux lourds et \u00e0 une longue dur\u00e9e de vie (haute performance). Elle est tr\u00e8s r\u00e9sistante aux produits chimiques, aux intemp\u00e9ries et aux vibrations des machines.<\/p>\n<p><strong>LE PRODUIT N'EST PAS DISPONIBLE ? IL EST S\u00dbREMENT EN COURS D'ACHEMINEMENT ! DEMANDEZ \u00c0 NOTRE PERSONNEL LA DATE DE LIVRAISON !<\/strong><\/p>","protected":false},"featured_media":3598,"template":"","meta":{"_acf_changed":false,"_relevanssi_hide_post":"","_relevanssi_hide_content":"","_relevanssi_pin_for_all":"","_relevanssi_pin_keywords":"","_relevanssi_unpin_keywords":"","_relevanssi_related_keywords":"","_relevanssi_related_include_ids":"","_relevanssi_related_exclude_ids":"","_relevanssi_related_no_append":"","_relevanssi_related_not_related":"","_relevanssi_related_posts":"","_relevanssi_noindex_reason":""},"product_brand":[],"product_cat":[256],"product_tag":[],"class_list":{"0":"post-3601","1":"product","2":"type-product","3":"status-publish","4":"has-post-thumbnail","6":"product_cat-perni-superiori-ed-inferiori","7":"pa_d-9581","8":"pa_d-10248","9":"pa_d1-9030","10":"pa_d1-9040","11":"pa_pzconf-27989","12":"sales-flash-overlay","13":"woocommerce-text-align-center","14":"woocommerce-image-align-center","15":"do-quantity-buttons","17":"first","18":"instock","19":"taxable","20":"shipping-taxable","21":"product-type-variable","22":"has-default-attributes"},"acf":[],"_links":{"self":[{"href":"https:\/\/guaitasrl.it\/fr\/wp-json\/wp\/v2\/product\/3601","targetHints":{"allow":["GET"]}}],"collection":[{"href":"https:\/\/guaitasrl.it\/fr\/wp-json\/wp\/v2\/product"}],"about":[{"href":"https:\/\/guaitasrl.it\/fr\/wp-json\/wp\/v2\/types\/product"}],"wp:featuredmedia":[{"embeddable":true,"href":"https:\/\/guaitasrl.it\/fr\/wp-json\/wp\/v2\/media\/3598"}],"wp:attachment":[{"href":"https:\/\/guaitasrl.it\/fr\/wp-json\/wp\/v2\/media?parent=3601"}],"wp:term":[{"taxonomy":"product_brand","embeddable":true,"href":"https:\/\/guaitasrl.it\/fr\/wp-json\/wp\/v2\/product_brand?post=3601"},{"taxonomy":"product_cat","embeddable":true,"href":"https:\/\/guaitasrl.it\/fr\/wp-json\/wp\/v2\/product_cat?post=3601"},{"taxonomy":"product_tag","embeddable":true,"href":"https:\/\/guaitasrl.it\/fr\/wp-json\/wp\/v2\/product_tag?post=3601"}],"curies":[{"name":"wp","href":"https:\/\/api.w.org\/{rel}","templated":true}]}}