{"id":36517,"date":"2024-12-25T16:09:30","date_gmt":"2024-12-25T15:09:30","guid":{"rendered":"https:\/\/guaitasrl.it\/?post_type=product&#038;p=36517"},"modified":"2026-02-04T10:52:15","modified_gmt":"2026-02-04T09:52:15","slug":"tuyau-hydraulique-en-vitillo-pour-nettoyeurs-haute-pression","status":"publish","type":"product","link":"https:\/\/guaitasrl.it\/fr\/shop\/oleodinamica-lubrificazione-e-ingrassaggio\/tubi-oleodinamici-trecciati\/tubo-oleodinamico-vitillo-per-idropulitrici\/","title":{"rendered":"Tuyau hydraulique VITILLO pour nettoyeurs haute pression"},"content":{"rendered":"","protected":false},"excerpt":{"rendered":"<h2>EN853-25N-SAE R2AT\u00a0<strong>NE PAS \u00caTRE D\u00c9POUILL\u00c9<\/strong><\/h2>\n<p><strong>PRIX PAR M\u00c8TRE LIN\u00c9AIRE<\/strong><\/p>\n<p><strong>AUTRES DIMENSIONS SUR DEMANDE\u00a0<\/strong><\/p>\n<p><strong>G.TIR2AT34ID - G.TIR2AT1ID PRIX ET DISPONIBILIT\u00c9 SUR DEMANDE !<\/strong><\/p>\n<h4><strong>LE PRODUIT N'EST PAS DISPONIBLE ? IL EST S\u00dbREMENT EN COURS D'ACHEMINEMENT ! DEMANDEZ \u00c0 NOTRE PERSONNEL LA DATE DE LIVRAISON !<\/strong><\/h4>","protected":false},"featured_media":36518,"template":"","meta":{"_acf_changed":false,"_relevanssi_hide_post":"","_relevanssi_hide_content":"","_relevanssi_pin_for_all":"","_relevanssi_pin_keywords":"","_relevanssi_unpin_keywords":"","_relevanssi_related_keywords":"","_relevanssi_related_include_ids":"","_relevanssi_related_exclude_ids":"","_relevanssi_related_no_append":"","_relevanssi_related_not_related":"","_relevanssi_related_posts":"","_relevanssi_noindex_reason":""},"product_brand":[],"product_cat":[40,58,76,27951],"product_tag":[],"class_list":{"0":"post-36517","1":"product","2":"type-product","3":"status-publish","4":"has-post-thumbnail","6":"product_cat-accessori-trattori","7":"product_cat-oleodinamica-lubrificazione-e-ingrassaggio","8":"product_cat-tubi-oleodinamici-trecciati","9":"product_cat-tubi-oleodinamici-vitillo","10":"pa_d-10123","11":"pa_d-10216","12":"pa_d-10218","13":"pa_d-10213","14":"pa_d-3-8","15":"pa_d-10217","16":"sales-flash-overlay","17":"woocommerce-text-align-center","18":"woocommerce-image-align-center","19":"do-quantity-buttons","20":"wc-has-gallery","22":"first","23":"instock","24":"taxable","25":"shipping-taxable","26":"product-type-variable"},"acf":[],"_links":{"self":[{"href":"https:\/\/guaitasrl.it\/fr\/wp-json\/wp\/v2\/product\/36517","targetHints":{"allow":["GET"]}}],"collection":[{"href":"https:\/\/guaitasrl.it\/fr\/wp-json\/wp\/v2\/product"}],"about":[{"href":"https:\/\/guaitasrl.it\/fr\/wp-json\/wp\/v2\/types\/product"}],"wp:featuredmedia":[{"embeddable":true,"href":"https:\/\/guaitasrl.it\/fr\/wp-json\/wp\/v2\/media\/36518"}],"wp:attachment":[{"href":"https:\/\/guaitasrl.it\/fr\/wp-json\/wp\/v2\/media?parent=36517"}],"wp:term":[{"taxonomy":"product_brand","embeddable":true,"href":"https:\/\/guaitasrl.it\/fr\/wp-json\/wp\/v2\/product_brand?post=36517"},{"taxonomy":"product_cat","embeddable":true,"href":"https:\/\/guaitasrl.it\/fr\/wp-json\/wp\/v2\/product_cat?post=36517"},{"taxonomy":"product_tag","embeddable":true,"href":"https:\/\/guaitasrl.it\/fr\/wp-json\/wp\/v2\/product_tag?post=36517"}],"curies":[{"name":"wp","href":"https:\/\/api.w.org\/{rel}","templated":true}]}}