{"id":4234,"date":"2018-12-13T13:49:06","date_gmt":"2018-12-13T12:49:06","guid":{"rendered":"https:\/\/guaitasrl.it\/prodotto\/riduzione-a-foro-cilindrico-con-cava-zincati\/"},"modified":"2026-04-17T12:27:06","modified_gmt":"2026-04-17T10:27:06","slug":"reduction-de-trou-cylindrique-avec-rainure-galvanisee","status":"publish","type":"product","link":"https:\/\/guaitasrl.it\/fr\/shop\/accessori-trattori\/riduzioni-alberi-e-bussole\/riduzione-a-foro-cilindrico-con-cava-zincati\/","title":{"rendered":"R\u00e9duction du trou cylindrique avec rainure galvanis\u00e9e"},"content":{"rendered":"","protected":false},"excerpt":{"rendered":"<p><strong>Acier tremp\u00e9 et BONIFI\u00c9 C45 R.80\/85 kgm\/mm\u00b2.<\/strong><\/p>\n<p><strong>LE PRODUIT N'EST PAS DISPONIBLE ? IL EST S\u00dbREMENT EN COURS D'ACHEMINEMENT ! DEMANDEZ \u00c0 NOTRE PERSONNEL LA DATE DE LIVRAISON !<\/strong><\/p>","protected":false},"featured_media":4231,"template":"","meta":{"_acf_changed":false,"_relevanssi_hide_post":"","_relevanssi_hide_content":"","_relevanssi_pin_for_all":"","_relevanssi_pin_keywords":"","_relevanssi_unpin_keywords":"","_relevanssi_related_keywords":"","_relevanssi_related_include_ids":"","_relevanssi_related_exclude_ids":"","_relevanssi_related_no_append":"","_relevanssi_related_not_related":"","_relevanssi_related_posts":"","_relevanssi_noindex_reason":""},"product_brand":[],"product_cat":[277],"product_tag":[],"class_list":{"0":"post-4234","1":"product","2":"type-product","3":"status-publish","4":"has-post-thumbnail","6":"product_cat-riduzioni-alberi-e-bussole","7":"pa_profiloesterno-8792","8":"pa_profilointerno-9071","9":"pa_profilointerno-9070","10":"pa_profilointerno-9069","11":"pa_profilointerno-9068","12":"pa_profilointerno-9067","13":"pa_profilointerno-9066","14":"sales-flash-overlay","15":"woocommerce-text-align-center","16":"woocommerce-image-align-center","17":"do-quantity-buttons","19":"first","20":"instock","21":"taxable","22":"shipping-taxable","23":"product-type-variable","24":"has-default-attributes"},"acf":[],"_links":{"self":[{"href":"https:\/\/guaitasrl.it\/fr\/wp-json\/wp\/v2\/product\/4234","targetHints":{"allow":["GET"]}}],"collection":[{"href":"https:\/\/guaitasrl.it\/fr\/wp-json\/wp\/v2\/product"}],"about":[{"href":"https:\/\/guaitasrl.it\/fr\/wp-json\/wp\/v2\/types\/product"}],"wp:featuredmedia":[{"embeddable":true,"href":"https:\/\/guaitasrl.it\/fr\/wp-json\/wp\/v2\/media\/4231"}],"wp:attachment":[{"href":"https:\/\/guaitasrl.it\/fr\/wp-json\/wp\/v2\/media?parent=4234"}],"wp:term":[{"taxonomy":"product_brand","embeddable":true,"href":"https:\/\/guaitasrl.it\/fr\/wp-json\/wp\/v2\/product_brand?post=4234"},{"taxonomy":"product_cat","embeddable":true,"href":"https:\/\/guaitasrl.it\/fr\/wp-json\/wp\/v2\/product_cat?post=4234"},{"taxonomy":"product_tag","embeddable":true,"href":"https:\/\/guaitasrl.it\/fr\/wp-json\/wp\/v2\/product_tag?post=4234"}],"curies":[{"name":"wp","href":"https:\/\/api.w.org\/{rel}","templated":true}]}}