{"id":4438,"date":"2018-12-13T13:49:06","date_gmt":"2018-12-13T12:49:06","guid":{"rendered":"https:\/\/guaitasrl.it\/prodotto\/bussola-scanalata-con-flangia-zincata\/"},"modified":"2026-04-17T12:27:07","modified_gmt":"2026-04-17T10:27:07","slug":"douille-rainuree-avec-bride-galvanisee","status":"publish","type":"product","link":"https:\/\/guaitasrl.it\/fr\/shop\/accessori-trattori\/riduzioni-alberi-e-bussole\/bussola-scanalata-con-flangia-zincata\/","title":{"rendered":"Douille cannel\u00e9e avec bride galvanis\u00e9e"},"content":{"rendered":"","protected":false},"excerpt":{"rendered":"<p><strong>Acier tremp\u00e9 et BONIFI\u00c9 C45 R.80\/85 kgm\/mm\u00b2.<\/strong><\/p>\n<p><strong>LE PRODUIT N'EST PAS DISPONIBLE ? IL EST S\u00dbREMENT EN COURS D'ACHEMINEMENT ! DEMANDEZ \u00c0 NOTRE PERSONNEL LA DATE DE LIVRAISON !<\/strong><\/p>","protected":false},"featured_media":4435,"template":"","meta":{"_acf_changed":false,"_relevanssi_hide_post":"","_relevanssi_hide_content":"","_relevanssi_pin_for_all":"","_relevanssi_pin_keywords":"","_relevanssi_unpin_keywords":"","_relevanssi_related_keywords":"","_relevanssi_related_include_ids":"","_relevanssi_related_exclude_ids":"","_relevanssi_related_no_append":"","_relevanssi_related_not_related":"","_relevanssi_related_posts":"","_relevanssi_noindex_reason":""},"product_brand":[],"product_cat":[277],"product_tag":[],"class_list":{"0":"post-4438","1":"product","2":"type-product","3":"status-publish","4":"has-post-thumbnail","6":"product_cat-riduzioni-alberi-e-bussole","7":"pa_flangia-9078","8":"pa_flangia-9077","9":"pa_lunghezza-10334","10":"pa_profilo-8807","11":"sales-flash-overlay","12":"woocommerce-text-align-center","13":"woocommerce-image-align-center","14":"do-quantity-buttons","16":"first","17":"instock","18":"taxable","19":"shipping-taxable","20":"product-type-variable","21":"has-default-attributes"},"acf":[],"_links":{"self":[{"href":"https:\/\/guaitasrl.it\/fr\/wp-json\/wp\/v2\/product\/4438","targetHints":{"allow":["GET"]}}],"collection":[{"href":"https:\/\/guaitasrl.it\/fr\/wp-json\/wp\/v2\/product"}],"about":[{"href":"https:\/\/guaitasrl.it\/fr\/wp-json\/wp\/v2\/types\/product"}],"wp:featuredmedia":[{"embeddable":true,"href":"https:\/\/guaitasrl.it\/fr\/wp-json\/wp\/v2\/media\/4435"}],"wp:attachment":[{"href":"https:\/\/guaitasrl.it\/fr\/wp-json\/wp\/v2\/media?parent=4438"}],"wp:term":[{"taxonomy":"product_brand","embeddable":true,"href":"https:\/\/guaitasrl.it\/fr\/wp-json\/wp\/v2\/product_brand?post=4438"},{"taxonomy":"product_cat","embeddable":true,"href":"https:\/\/guaitasrl.it\/fr\/wp-json\/wp\/v2\/product_cat?post=4438"},{"taxonomy":"product_tag","embeddable":true,"href":"https:\/\/guaitasrl.it\/fr\/wp-json\/wp\/v2\/product_tag?post=4438"}],"curies":[{"name":"wp","href":"https:\/\/api.w.org\/{rel}","templated":true}]}}