{"id":5224,"date":"2022-12-16T10:57:50","date_gmt":"2022-12-16T09:57:50","guid":{"rendered":"https:\/\/guaitasrl.it\/prodotto\/kit-spina-a-scatto-e-coppiglia\/"},"modified":"2026-04-17T12:39:05","modified_gmt":"2026-04-17T10:39:05","slug":"kit-de-goupilles-darret-et-de-goupilles-fendues","status":"publish","type":"product","link":"https:\/\/guaitasrl.it\/fr\/shop\/accessori-trattori\/minuteria-metallica\/kit-spina-a-scatto-e-coppiglia\/","title":{"rendered":"Kit de goupilles et de goupilles fendues"},"content":{"rendered":"","protected":false},"excerpt":{"rendered":"<p><strong>A - Compos\u00e9 de goupilles encliquetables<\/strong><br \/>\nD 6X25 pcs, D 8X30 pcs, D 9X15 pcs, D 10X30 pcs, D 11X20 pcs<\/p>\n<p><strong>B - Compos\u00e9 de goupilles fendues<\/strong><br \/>\nD 6X25 pcs, D 2X50 pcs, D 2.5X25 pcs, D 3X80 pcs, D 4X80 pcs, D 5\u00d740 pcs, D 6\u00d720 pcs<\/p>\n<p><strong>C - Compos\u00e9 de goupilles d'arr\u00eat et de goupilles fendues<\/strong><br \/>\nAxes : D 4.5\u00d712 pcs, D 6\u00d712 pcs, D 8\u00d712 pcs, D 10\u00d712 pcs, D 11\u00d712 pcs<br \/>\nGoupilles fendues : D 3X40 pcs, D 4X20 pcs, D 5\u00d725 pcs, D 6\u00d720 pcs<\/p>\n<p><strong>D - Constitu\u00e9 de goupilles d'arr\u00eat, de goupilles fendues et de goupilles fendues de s\u00e9curit\u00e9<\/strong><br \/>\nBouchons : D 6\u00d712 pcs, D 8\u00d710 pcs, D 10\u00d78 pcs, D 11\u00d712 pcs,<br \/>\nGoupilles fendues : D 3X40 pcs, D 4X20 pcs, D 5\u00d725 pcs, D 6\u00d720 pcs<br \/>\nGoupilles de s\u00e9curit\u00e9 : D 10.5\u00d712 pcs.<\/p>","protected":false},"featured_media":5200,"template":"","meta":{"_acf_changed":false,"_relevanssi_hide_post":"","_relevanssi_hide_content":"","_relevanssi_pin_for_all":"","_relevanssi_pin_keywords":"","_relevanssi_unpin_keywords":"","_relevanssi_related_keywords":"","_relevanssi_related_include_ids":"","_relevanssi_related_exclude_ids":"","_relevanssi_related_no_append":"","_relevanssi_related_not_related":"","_relevanssi_related_posts":"","_relevanssi_noindex_reason":""},"product_brand":[],"product_cat":[27912,340],"product_tag":[],"class_list":{"0":"post-5224","1":"product","2":"type-product","3":"status-publish","4":"has-post-thumbnail","6":"product_cat-senza-categoria","7":"product_cat-minuteria-metallica","8":"pa_tipo-a","9":"pa_tipo-b","10":"pa_tipo-c","11":"pa_tipo-d","12":"sales-flash-overlay","13":"woocommerce-text-align-center","14":"woocommerce-image-align-center","15":"do-quantity-buttons","16":"wc-has-gallery","18":"first","19":"instock","20":"taxable","21":"shipping-taxable","22":"product-type-variable","23":"has-default-attributes"},"acf":[],"_links":{"self":[{"href":"https:\/\/guaitasrl.it\/fr\/wp-json\/wp\/v2\/product\/5224","targetHints":{"allow":["GET"]}}],"collection":[{"href":"https:\/\/guaitasrl.it\/fr\/wp-json\/wp\/v2\/product"}],"about":[{"href":"https:\/\/guaitasrl.it\/fr\/wp-json\/wp\/v2\/types\/product"}],"wp:featuredmedia":[{"embeddable":true,"href":"https:\/\/guaitasrl.it\/fr\/wp-json\/wp\/v2\/media\/5200"}],"wp:attachment":[{"href":"https:\/\/guaitasrl.it\/fr\/wp-json\/wp\/v2\/media?parent=5224"}],"wp:term":[{"taxonomy":"product_brand","embeddable":true,"href":"https:\/\/guaitasrl.it\/fr\/wp-json\/wp\/v2\/product_brand?post=5224"},{"taxonomy":"product_cat","embeddable":true,"href":"https:\/\/guaitasrl.it\/fr\/wp-json\/wp\/v2\/product_cat?post=5224"},{"taxonomy":"product_tag","embeddable":true,"href":"https:\/\/guaitasrl.it\/fr\/wp-json\/wp\/v2\/product_tag?post=5224"}],"curies":[{"name":"wp","href":"https:\/\/api.w.org\/{rel}","templated":true}]}}