{"id":5761,"date":"2018-12-13T13:49:10","date_gmt":"2018-12-13T12:49:10","guid":{"rendered":"https:\/\/guaitasrl.it\/prodotto\/sedile-per-muletti-con-guide\/"},"modified":"2026-04-17T12:27:08","modified_gmt":"2026-04-17T10:27:08","slug":"siege-de-chariot-elevateur-avec-guides","status":"publish","type":"product","link":"https:\/\/guaitasrl.it\/fr\/shop\/accessori-trattori\/sedili-per-trattori\/per-muletto\/sedile-per-muletti-con-guide\/","title":{"rendered":"Si\u00e8ge de chariot \u00e9l\u00e9vateur avec guides"},"content":{"rendered":"","protected":false},"excerpt":{"rendered":"<p>- Course du ressort : 85 mm<br \/>\n- R\u00e9glage longitudinal : 150 mm<br \/>\n- R\u00e9glage du poids : 50-120 kg.<\/p>\n<h4><strong>LE PRODUIT N'EST PAS DISPONIBLE ? IL EST S\u00dbREMENT EN COURS D'ACHEMINEMENT ! DEMANDEZ \u00c0 NOTRE PERSONNEL LA DATE DE LIVRAISON !<\/strong><\/h4>","protected":false},"featured_media":5755,"template":"","meta":{"_acf_changed":false,"_relevanssi_hide_post":"","_relevanssi_hide_content":"","_relevanssi_pin_for_all":"","_relevanssi_pin_keywords":"","_relevanssi_unpin_keywords":"","_relevanssi_related_keywords":"","_relevanssi_related_include_ids":"","_relevanssi_related_exclude_ids":"","_relevanssi_related_no_append":"","_relevanssi_related_not_related":"","_relevanssi_related_posts":"","_relevanssi_noindex_reason":""},"product_brand":[],"product_cat":[673],"product_tag":[],"class_list":{"0":"post-5761","1":"product","2":"type-product","3":"status-publish","4":"has-post-thumbnail","6":"product_cat-per-muletto","7":"pa_corsasospensione-85mm","8":"pa_regolazionelongitudinale-9203","9":"sales-flash-overlay","10":"woocommerce-text-align-center","11":"woocommerce-image-align-center","12":"do-quantity-buttons","13":"wc-has-gallery","15":"first","16":"instock","17":"taxable","18":"shipping-taxable","19":"product-type-variable","20":"has-default-attributes"},"acf":[],"_links":{"self":[{"href":"https:\/\/guaitasrl.it\/fr\/wp-json\/wp\/v2\/product\/5761","targetHints":{"allow":["GET"]}}],"collection":[{"href":"https:\/\/guaitasrl.it\/fr\/wp-json\/wp\/v2\/product"}],"about":[{"href":"https:\/\/guaitasrl.it\/fr\/wp-json\/wp\/v2\/types\/product"}],"wp:featuredmedia":[{"embeddable":true,"href":"https:\/\/guaitasrl.it\/fr\/wp-json\/wp\/v2\/media\/5755"}],"wp:attachment":[{"href":"https:\/\/guaitasrl.it\/fr\/wp-json\/wp\/v2\/media?parent=5761"}],"wp:term":[{"taxonomy":"product_brand","embeddable":true,"href":"https:\/\/guaitasrl.it\/fr\/wp-json\/wp\/v2\/product_brand?post=5761"},{"taxonomy":"product_cat","embeddable":true,"href":"https:\/\/guaitasrl.it\/fr\/wp-json\/wp\/v2\/product_cat?post=5761"},{"taxonomy":"product_tag","embeddable":true,"href":"https:\/\/guaitasrl.it\/fr\/wp-json\/wp\/v2\/product_tag?post=5761"}],"curies":[{"name":"wp","href":"https:\/\/api.w.org\/{rel}","templated":true}]}}